{"id":1024,"date":"2024-05-22T10:31:34","date_gmt":"2024-05-22T10:31:34","guid":{"rendered":"https:\/\/www.fakhr-group.com\/?page_id=1024"},"modified":"2025-12-20T08:19:51","modified_gmt":"2025-12-20T08:19:51","slug":"fakhrtower-2","status":"publish","type":"page","link":"https:\/\/www.fakhr-group.com\/en\/fakhrtower-2\/","title":{"rendered":"\u0628\u0631\u062c \u0641\u062e\u0631"},"content":{"rendered":"<body>\t\t<div data-elementor-type=\"wp-page\" data-elementor-id=\"1024\" class=\"elementor elementor-1024\" data-elementor-post-type=\"page\">\n\t\t\t\t<div class=\"elementor-element elementor-element-72595002 e-flex e-con-boxed e-con e-parent\" data-id=\"72595002\" data-element_type=\"container\" data-e-type=\"container\" data-settings='{\"background_background\":\"classic\"}'>\n\t\t\t\t\t<div class=\"e-con-inner\">\n\t\t<div class=\"elementor-element elementor-element-2064cbf8 e-con-full e-flex e-con e-child\" data-id=\"2064cbf8\" data-element_type=\"container\" data-e-type=\"container\">\n\t\t\t\t<div class=\"elementor-element elementor-element-7080eaac medium elementor-widget elementor-widget-heading\" data-id=\"7080eaac\" data-element_type=\"widget\" data-e-type=\"widget\" data-widget_type=\"heading.default\">\n\t\t\t\t<div class=\"elementor-widget-container\">\n\t\t\t\t\t<h4 class=\"elementor-heading-title elementor-size-default\">\u0628\u0631\u062c \u0641\u062e\u0631<\/h4>\t\t\t\t<\/div>\n\t\t\t\t<\/div>\n\t\t\t\t<div class=\"elementor-element elementor-element-2ae36767 elementor-widget elementor-widget-text-editor\" data-id=\"2ae36767\" data-element_type=\"widget\" data-e-type=\"widget\" data-widget_type=\"text-editor.default\">\n\t\t\t\t<div class=\"elementor-widget-container\">\n\t\t\t\t\t\t\t\t\t<p>\u0639\u0646\u0648\u0627\u0646 \u0645\u0642\u0631 \u0634\u0631\u0643\u062a\u0643 \u0647\u0648 \u062c\u0632\u0621 \u0627\u0633\u0627\u0633\u064a \u0645\u0646 \u0639\u0646\u0648\u0627\u0646 \u062a\u0645\u064a\u0632\u0643..<br>\u0628\u0631\u062c \u0641\u062e\u0631 ..\u0623\u062d\u062f\u062b \u0645\u0639\u0627\u0644\u0645 \u0627\u0644\u0623\u062d\u0633\u0627\u0621 \u0627\u0644\u0645\u0645\u064a\u0632\u0647 \u064a\u0648\u0641\u0631 \u0644\u0643 \u0645\u0633\u0627\u062d\u0627\u062a \u0645\u062a\u0646\u0648\u0639\u0647 \u0643\u0627\u0645\u0644\u0629 \u0627\u0644\u0645\u0631\u0627\u0641\u0642 \u0648 \u0627\u0644\u062e\u062f\u0645\u0627\u062a \u062a\u0635\u0644\u062d \u0644\u062a\u0643\u0648\u0646 \u0645\u0642\u0631\u0627 \u0644\u0627\u0643\u0628\u0631 \u0627\u0644\u0634\u0631\u0643\u0627\u062a \u0648 \u0627\u0644\u0645\u0624\u0633\u0633\u0627\u062a \u0627\u0644\u062a\u062c\u0627\u0631\u064a\u0647.<\/p><p>\u0627\u0644\u0645\u0648\u0642\u0639 \u0627\u0644\u0645\u0645\u064a\u0632 \u0648 \u0627\u0644\u062a\u0635\u0645\u064a\u0645 \u0627\u0644\u0631\u0627\u0626\u0639 \u0648 \u0627\u0644\u0645\u0633\u0627\u062d\u0627\u062a \u0627\u0644\u0645\u062a\u0646\u0648\u0639\u0647 \u062c\u0639\u0644\u062a \u0645\u0646 \u0628\u0631\u062c \u0641\u062e\u0631 \u0627\u0641\u0636\u0644 \u0648\u062c\u0647\u0647 \u0642\u0627\u062f\u0645\u0647 \u0644\u0645\u0642\u0631 \u0634\u0631\u0643\u062a\u0643 .<\/p>\t\t\t\t\t\t\t\t<\/div>\n\t\t\t\t<\/div>\n\t\t\t\t<\/div>\n\t\t<div class=\"elementor-element elementor-element-b8cb973 e-con-full e-flex e-con e-child\" data-id=\"b8cb973\" data-element_type=\"container\" data-e-type=\"container\">\n\t\t\t\t<div class=\"elementor-element elementor-element-684a1a0 elementor-widget elementor-widget-image\" data-id=\"684a1a0\" data-element_type=\"widget\" data-e-type=\"widget\" data-widget_type=\"image.default\">\n\t\t\t\t<div class=\"elementor-widget-container\">\n\t\t\t\t\t\t\t\t\t\t\t\t\t\t\t<img loading=\"lazy\" decoding=\"async\" width=\"401\" height=\"159\" src=\"https:\/\/i0.wp.com\/www.fakhr-group.com\/wp-content\/uploads\/2024\/05\/Fakhr-Tower.png?fit=401%2C159&amp;ssl=1\" class=\"attachment-full size-full wp-image-1035\" alt=\"\" srcset=\"https:\/\/i0.wp.com\/www.fakhr-group.com\/wp-content\/uploads\/2024\/05\/Fakhr-Tower.png?w=401&amp;ssl=1 401w, https:\/\/i0.wp.com\/www.fakhr-group.com\/wp-content\/uploads\/2024\/05\/Fakhr-Tower.png?resize=300%2C119&amp;ssl=1 300w\" sizes=\"auto, (max-width: 401px) 100vw, 401px\">\t\t\t\t\t\t\t\t\t\t\t\t\t\t\t<\/div>\n\t\t\t\t<\/div>\n\t\t\t\t<div class=\"elementor-element elementor-element-f1a0ad7 elementor-align-right elementor-widget elementor-widget-button\" data-id=\"f1a0ad7\" data-element_type=\"widget\" data-e-type=\"widget\" data-widget_type=\"button.default\">\n\t\t\t\t<div class=\"elementor-widget-container\">\n\t\t\t\t\t\t\t\t\t<div class=\"elementor-button-wrapper\">\n\t\t\t\t\t<a class=\"elementor-button elementor-button-link elementor-size-sm\" href=\"https:\/\/www.fakhr-group.com\/wp-content\/uploads\/2024\/08\/Fakhr-small.pdf\" target=\"_blank\" download=\"Fakhr\">\n\t\t\t\t\t\t<span class=\"elementor-button-content-wrapper\">\n\t\t\t\t\t\t\t\t\t<span class=\"elementor-button-text\">\u062a\u062d\u0645\u064a\u0644 \u0645\u0644\u0641 \u0627\u0644\u0645\u0634\u0631\u0648\u0639<\/span>\n\t\t\t\t\t<\/span>\n\t\t\t\t\t<\/a>\n\t\t\t\t<\/div>\n\t\t\t\t\t\t\t\t<\/div>\n\t\t\t\t<\/div>\n\t\t\t\t<\/div>\n\t\t\t\t\t<\/div>\n\t\t\t\t<\/div>\n\t\t<div class=\"elementor-element elementor-element-7d0a49c e-flex e-con-boxed e-con e-parent\" data-id=\"7d0a49c\" data-element_type=\"container\" data-e-type=\"container\" data-settings='{\"background_background\":\"classic\"}'>\n\t\t\t\t\t<div class=\"e-con-inner\">\n\t\t\t\t<div class=\"elementor-element elementor-element-1623083 elementor-widget elementor-widget-gallery\" data-id=\"1623083\" data-element_type=\"widget\" data-e-type=\"widget\" data-settings='{\"columns\":3,\"lazyload\":\"yes\",\"gallery_layout\":\"grid\",\"columns_tablet\":2,\"columns_mobile\":1,\"gap\":{\"unit\":\"px\",\"size\":10,\"sizes\":[]},\"gap_tablet\":{\"unit\":\"px\",\"size\":10,\"sizes\":[]},\"gap_mobile\":{\"unit\":\"px\",\"size\":10,\"sizes\":[]},\"link_to\":\"file\",\"aspect_ratio\":\"3:2\",\"overlay_background\":\"yes\",\"content_hover_animation\":\"fade-in\"}' data-widget_type=\"gallery.default\">\n\t\t\t\t<div class=\"elementor-widget-container\">\n\t\t\t\t\t\t\t<div class=\"elementor-gallery__container\">\n\t\t\t\t\t\t\t<a class=\"e-gallery-item elementor-gallery-item elementor-animated-content\" href=\"https:\/\/i0.wp.com\/www.fakhr-group.com\/wp-content\/uploads\/2024\/05\/fakhr-tower-brouchure-08.jpg?fit=1920%2C1080&amp;ssl=1\" data-elementor-open-lightbox=\"yes\" data-elementor-lightbox-slideshow=\"1623083\" data-elementor-lightbox-title=\"fakhr tower brouchure-08\" data-e-action-hash=\"#elementor-action%3Aaction%3Dlightbox%26settings%3DeyJpZCI6MTAzMCwidXJsIjoiaHR0cHM6XC9cL3d3dy5mYWtoci1ncm91cC5jb21cL3dwLWNvbnRlbnRcL3VwbG9hZHNcLzIwMjRcLzA1XC9mYWtoci10b3dlci1icm91Y2h1cmUtMDguanBnIiwic2xpZGVzaG93IjoiMTYyMzA4MyJ9\">\n\t\t\t\t\t<div class=\"e-gallery-image elementor-gallery-item__image\" data-thumbnail=\"https:\/\/i0.wp.com\/www.fakhr-group.com\/wp-content\/uploads\/2024\/05\/fakhr-tower-brouchure-08.jpg?fit=1920%2C1080&amp;ssl=1\" data-width=\"1920\" data-height=\"1080\" aria-label=\"\" role=\"img\"><\/div>\n\t\t\t\t\t\t\t\t\t\t\t<div class=\"elementor-gallery-item__overlay\"><\/div>\n\t\t\t\t\t\t\t\t\t\t\t\t\t\t<\/a>\n\t\t\t\t\t\t\t<a class=\"e-gallery-item elementor-gallery-item elementor-animated-content\" href=\"https:\/\/i0.wp.com\/www.fakhr-group.com\/wp-content\/uploads\/2024\/05\/Asset-2-1.png?fit=881%2C570&amp;ssl=1\" data-elementor-open-lightbox=\"yes\" data-elementor-lightbox-slideshow=\"1623083\" data-elementor-lightbox-title=\"Asset 2 (1)\" data-e-action-hash=\"#elementor-action%3Aaction%3Dlightbox%26settings%3DeyJpZCI6NTExLCJ1cmwiOiJodHRwczpcL1wvd3d3LmZha2hyLWdyb3VwLmNvbVwvd3AtY29udGVudFwvdXBsb2Fkc1wvMjAyNFwvMDVcL0Fzc2V0LTItMS5wbmciLCJzbGlkZXNob3ciOiIxNjIzMDgzIn0%3D\">\n\t\t\t\t\t<div class=\"e-gallery-image elementor-gallery-item__image\" data-thumbnail=\"https:\/\/i0.wp.com\/www.fakhr-group.com\/wp-content\/uploads\/2024\/05\/Asset-2-1.png?fit=881%2C570&amp;ssl=1\" data-width=\"881\" data-height=\"570\" aria-label=\"\" role=\"img\"><\/div>\n\t\t\t\t\t\t\t\t\t\t\t<div class=\"elementor-gallery-item__overlay\"><\/div>\n\t\t\t\t\t\t\t\t\t\t\t\t\t\t<\/a>\n\t\t\t\t\t\t\t<a class=\"e-gallery-item elementor-gallery-item elementor-animated-content\" href=\"https:\/\/i0.wp.com\/www.fakhr-group.com\/wp-content\/uploads\/2024\/05\/fakhr-tower-brouchure-04.jpg?fit=1920%2C1080&amp;ssl=1\" data-elementor-open-lightbox=\"yes\" data-elementor-lightbox-slideshow=\"1623083\" data-elementor-lightbox-title=\"fakhr tower brouchure-04\" data-e-action-hash=\"#elementor-action%3Aaction%3Dlightbox%26settings%3DeyJpZCI6MTAyOSwidXJsIjoiaHR0cHM6XC9cL3d3dy5mYWtoci1ncm91cC5jb21cL3dwLWNvbnRlbnRcL3VwbG9hZHNcLzIwMjRcLzA1XC9mYWtoci10b3dlci1icm91Y2h1cmUtMDQuanBnIiwic2xpZGVzaG93IjoiMTYyMzA4MyJ9\">\n\t\t\t\t\t<div class=\"e-gallery-image elementor-gallery-item__image\" data-thumbnail=\"https:\/\/i0.wp.com\/www.fakhr-group.com\/wp-content\/uploads\/2024\/05\/fakhr-tower-brouchure-04.jpg?fit=1920%2C1080&amp;ssl=1\" data-width=\"1920\" data-height=\"1080\" aria-label=\"\" role=\"img\"><\/div>\n\t\t\t\t\t\t\t\t\t\t\t<div class=\"elementor-gallery-item__overlay\"><\/div>\n\t\t\t\t\t\t\t\t\t\t\t\t\t\t<\/a>\n\t\t\t\t\t<\/div>\n\t\t\t\t\t<\/div>\n\t\t\t\t<\/div>\n\t\t\t\t\t<\/div>\n\t\t\t\t<\/div>\n\t\t\t\t<\/div>\n\t\t<\/body>","protected":false},"excerpt":{"rendered":"<p>\u00d8\u00a8\u00d8\u00b1\u00d8\u00ac \u00d9\u0081\u00d8\u00ae\u00d8\u00b1 \u00d8\u00b9\u00d9\u2020\u00d9\u02c6\u00d8\u00a7\u00d9\u2020 \u00d9\u2026\u00d9\u201a\u00d8\u00b1 \u00d8\u00b4\u00d8\u00b1\u00d9\u0192\u00d8\u00aa\u00d9\u0192 \u00d9\u2021\u00d9\u02c6 \u00d8\u00ac\u00d8\u00b2\u00d8\u00a1 \u00d8\u00a7\u00d8\u00b3\u00d8\u00a7\u00d8\u00b3\u00d9\u0160 \u00d9\u2026\u00d9\u2020 \u00d8\u00b9\u00d9\u2020\u00d9\u02c6\u00d8\u00a7\u00d9\u2020 \u00d8\u00aa\u00d9\u2026\u00d9\u0160\u00d8\u00b2\u00d9\u0192..\u00d8\u00a8\u00d8\u00b1\u00d8\u00ac \u00d9\u0081\u00d8\u00ae\u00d8\u00b1 ..\u00d8\u00a3\u00d8\u00ad\u00d8\u00af\u00d8\u00ab \u00d9\u2026\u00d8\u00b9\u00d8\u00a7\u00d9\u201e\u00d9\u2026 \u00d8\u00a7\u00d9\u201e\u00d8\u00a3\u00d8\u00ad\u00d8\u00b3\u00d8\u00a7\u00d8\u00a1 \u00d8\u00a7\u00d9\u201e\u00d9\u2026\u00d9\u2026\u00d9\u0160\u00d8\u00b2\u00d9\u2021 \u00d9\u0160\u00d9\u02c6\u00d9\u0081\u00d8\u00b1 \u00d9\u201e\u00d9\u0192 \u00d9\u2026\u00d8\u00b3\u00d8\u00a7\u00d8\u00ad\u00d8\u00a7\u00d8\u00aa \u00d9\u2026\u00d8\u00aa\u00d9\u2020\u00d9\u02c6\u00d8\u00b9\u00d9\u2021 \u00d9\u0192\u00d8\u00a7\u00d9\u2026\u00d9\u201e\u00d8\u00a9 \u00d8\u00a7\u00d9\u201e\u00d9\u2026\u00d8\u00b1\u00d8\u00a7\u00d9\u0081\u00d9\u201a \u00d9\u02c6 \u00d8\u00a7\u00d9\u201e\u00d8\u00ae\u00d8\u00af\u00d9\u2026\u00d8\u00a7\u00d8\u00aa \u00d8\u00aa\u00d8\u00b5\u00d9\u201e\u00d8\u00ad \u00d9\u201e\u00d8\u00aa\u00d9\u0192\u00d9\u02c6\u00d9\u2020 \u00d9\u2026\u00d9\u201a\u00d8\u00b1\u00d8\u00a7 \u00d9\u201e\u00d8\u00a7\u00d9\u0192\u00d8\u00a8\u00d8\u00b1 \u00d8\u00a7\u00d9\u201e\u00d8\u00b4\u00d8\u00b1\u00d9\u0192\u00d8\u00a7\u00d8\u00aa \u00d9\u02c6 \u00d8\u00a7\u00d9\u201e\u00d9\u2026\u00d8\u00a4\u00d8\u00b3\u00d8\u00b3\u00d8\u00a7\u00d8\u00aa \u00d8\u00a7\u00d9\u201e\u00d8\u00aa\u00d8\u00ac\u00d8\u00a7\u00d8\u00b1\u00d9\u0160\u00d9\u2021. \u00d8\u00a7\u00d9\u201e\u00d9\u2026\u00d9\u02c6\u00d9\u201a\u00d8\u00b9 \u00d8\u00a7\u00d9\u201e\u00d9\u2026\u00d9\u2026\u00d9\u0160\u00d8\u00b2 \u00d9\u02c6 \u00d8\u00a7\u00d9\u201e\u00d8\u00aa\u00d8\u00b5\u00d9\u2026\u00d9\u0160\u00d9\u2026 \u00d8\u00a7\u00d9\u201e\u00d8\u00b1\u00d8\u00a7\u00d8\u00a6\u00d8\u00b9 \u00d9\u02c6 \u00d8\u00a7\u00d9\u201e\u00d9\u2026\u00d8\u00b3\u00d8\u00a7\u00d8\u00ad\u00d8\u00a7\u00d8\u00aa \u00d8\u00a7\u00d9\u201e\u00d9\u2026\u00d8\u00aa\u00d9\u2020\u00d9\u02c6\u00d8\u00b9\u00d9\u2021 \u00d8\u00ac\u00d8\u00b9\u00d9\u201e\u00d8\u00aa \u00d9\u2026\u00d9\u2020 \u00d8\u00a8\u00d8\u00b1\u00d8\u00ac \u00d9\u0081\u00d8\u00ae\u00d8\u00b1 \u00d8\u00a7\u00d9\u0081\u00d8\u00b6\u00d9\u201e \u00d9\u02c6\u00d8\u00ac\u00d9\u2021\u00d9\u2021 \u00d9\u201a\u00d8\u00a7\u00d8\u00af\u00d9\u2026\u00d9\u2021 \u00d9\u201e\u00d9\u2026\u00d9\u201a\u00d8\u00b1 \u00d8\u00b4\u00d8\u00b1\u00d9\u0192\u00d8\u00aa\u00d9\u0192 . \u00d8\u00aa\u00d8\u00ad\u00d9\u2026\u00d9\u0160\u00d9\u201e \u00d9\u2026\u00d9\u201e\u00d9\u0081 \u00d8\u00a7\u00d9\u201e\u00d9\u2026\u00d8\u00b4\u00d8\u00b1\u00d9\u02c6\u00d8\u00b9<\/p>","protected":false},"author":1,"featured_media":0,"parent":0,"menu_order":0,"comment_status":"closed","ping_status":"closed","template":"","meta":{"om_disable_all_campaigns":false,"footnotes":""},"class_list":["post-1024","page","type-page","status-publish","hentry"],"blocksy_meta":{"has_hero_section":"disabled","styles_descriptor":{"styles":{"desktop":"","tablet":"","mobile":""},"google_fonts":[],"version":6}},"yoast_head":"<!-- This site is optimized with the Yoast SEO plugin v27.5 - https:\/\/yoast.com\/product\/yoast-seo-wordpress\/ -->\n<title>\u0628\u0631\u062c \u0641\u062e\u0631 - Fakhr<\/title>\n<meta name=\"robots\" content=\"index, follow, max-snippet:-1, max-image-preview:large, max-video-preview:-1\" \/>\n<link rel=\"canonical\" href=\"https:\/\/www.fakhr-group.com\/en\/fakhrtower-2\/\" \/>\n<meta property=\"og:locale\" content=\"en_US\" \/>\n<meta property=\"og:type\" content=\"article\" \/>\n<meta property=\"og:title\" content=\"\u0628\u0631\u062c \u0641\u062e\u0631 - Fakhr\" \/>\n<meta property=\"og:description\" content=\"\u00d8\u00a8\u00d8\u00b1\u00d8\u00ac \u00d9\u0081\u00d8\u00ae\u00d8\u00b1 \u00d8\u00b9\u00d9\u2020\u00d9\u02c6\u00d8\u00a7\u00d9\u2020 \u00d9\u2026\u00d9\u201a\u00d8\u00b1 \u00d8\u00b4\u00d8\u00b1\u00d9\u0192\u00d8\u00aa\u00d9\u0192 \u00d9\u2021\u00d9\u02c6 \u00d8\u00ac\u00d8\u00b2\u00d8\u00a1 \u00d8\u00a7\u00d8\u00b3\u00d8\u00a7\u00d8\u00b3\u00d9\u0160 \u00d9\u2026\u00d9\u2020 \u00d8\u00b9\u00d9\u2020\u00d9\u02c6\u00d8\u00a7\u00d9\u2020 \u00d8\u00aa\u00d9\u2026\u00d9\u0160\u00d8\u00b2\u00d9\u0192..\u00d8\u00a8\u00d8\u00b1\u00d8\u00ac \u00d9\u0081\u00d8\u00ae\u00d8\u00b1 ..\u00d8\u00a3\u00d8\u00ad\u00d8\u00af\u00d8\u00ab \u00d9\u2026\u00d8\u00b9\u00d8\u00a7\u00d9\u201e\u00d9\u2026 \u00d8\u00a7\u00d9\u201e\u00d8\u00a3\u00d8\u00ad\u00d8\u00b3\u00d8\u00a7\u00d8\u00a1 \u00d8\u00a7\u00d9\u201e\u00d9\u2026\u00d9\u2026\u00d9\u0160\u00d8\u00b2\u00d9\u2021 \u00d9\u0160\u00d9\u02c6\u00d9\u0081\u00d8\u00b1 \u00d9\u201e\u00d9\u0192 \u00d9\u2026\u00d8\u00b3\u00d8\u00a7\u00d8\u00ad\u00d8\u00a7\u00d8\u00aa \u00d9\u2026\u00d8\u00aa\u00d9\u2020\u00d9\u02c6\u00d8\u00b9\u00d9\u2021 \u00d9\u0192\u00d8\u00a7\u00d9\u2026\u00d9\u201e\u00d8\u00a9 \u00d8\u00a7\u00d9\u201e\u00d9\u2026\u00d8\u00b1\u00d8\u00a7\u00d9\u0081\u00d9\u201a \u00d9\u02c6 \u00d8\u00a7\u00d9\u201e\u00d8\u00ae\u00d8\u00af\u00d9\u2026\u00d8\u00a7\u00d8\u00aa \u00d8\u00aa\u00d8\u00b5\u00d9\u201e\u00d8\u00ad \u00d9\u201e\u00d8\u00aa\u00d9\u0192\u00d9\u02c6\u00d9\u2020 \u00d9\u2026\u00d9\u201a\u00d8\u00b1\u00d8\u00a7 \u00d9\u201e\u00d8\u00a7\u00d9\u0192\u00d8\u00a8\u00d8\u00b1 \u00d8\u00a7\u00d9\u201e\u00d8\u00b4\u00d8\u00b1\u00d9\u0192\u00d8\u00a7\u00d8\u00aa \u00d9\u02c6 \u00d8\u00a7\u00d9\u201e\u00d9\u2026\u00d8\u00a4\u00d8\u00b3\u00d8\u00b3\u00d8\u00a7\u00d8\u00aa \u00d8\u00a7\u00d9\u201e\u00d8\u00aa\u00d8\u00ac\u00d8\u00a7\u00d8\u00b1\u00d9\u0160\u00d9\u2021. \u00d8\u00a7\u00d9\u201e\u00d9\u2026\u00d9\u02c6\u00d9\u201a\u00d8\u00b9 \u00d8\u00a7\u00d9\u201e\u00d9\u2026\u00d9\u2026\u00d9\u0160\u00d8\u00b2 \u00d9\u02c6 \u00d8\u00a7\u00d9\u201e\u00d8\u00aa\u00d8\u00b5\u00d9\u2026\u00d9\u0160\u00d9\u2026 \u00d8\u00a7\u00d9\u201e\u00d8\u00b1\u00d8\u00a7\u00d8\u00a6\u00d8\u00b9 \u00d9\u02c6 \u00d8\u00a7\u00d9\u201e\u00d9\u2026\u00d8\u00b3\u00d8\u00a7\u00d8\u00ad\u00d8\u00a7\u00d8\u00aa \u00d8\u00a7\u00d9\u201e\u00d9\u2026\u00d8\u00aa\u00d9\u2020\u00d9\u02c6\u00d8\u00b9\u00d9\u2021 \u00d8\u00ac\u00d8\u00b9\u00d9\u201e\u00d8\u00aa \u00d9\u2026\u00d9\u2020 \u00d8\u00a8\u00d8\u00b1\u00d8\u00ac \u00d9\u0081\u00d8\u00ae\u00d8\u00b1 \u00d8\u00a7\u00d9\u0081\u00d8\u00b6\u00d9\u201e \u00d9\u02c6\u00d8\u00ac\u00d9\u2021\u00d9\u2021 \u00d9\u201a\u00d8\u00a7\u00d8\u00af\u00d9\u2026\u00d9\u2021 \u00d9\u201e\u00d9\u2026\u00d9\u201a\u00d8\u00b1 \u00d8\u00b4\u00d8\u00b1\u00d9\u0192\u00d8\u00aa\u00d9\u0192 . \u00d8\u00aa\u00d8\u00ad\u00d9\u2026\u00d9\u0160\u00d9\u201e \u00d9\u2026\u00d9\u201e\u00d9\u0081 \u00d8\u00a7\u00d9\u201e\u00d9\u2026\u00d8\u00b4\u00d8\u00b1\u00d9\u02c6\u00d8\u00b9\" \/>\n<meta property=\"og:url\" content=\"https:\/\/www.fakhr-group.com\/en\/fakhrtower-2\/\" \/>\n<meta property=\"og:site_name\" content=\"Fakhr\" \/>\n<meta property=\"article:modified_time\" content=\"2025-12-20T08:19:51+00:00\" \/>\n<meta property=\"og:image\" content=\"https:\/\/www.fakhr-group.com\/wp-content\/uploads\/2024\/05\/Fakhr-Tower.png\" \/>\n<meta name=\"twitter:card\" content=\"summary_large_image\" \/>\n<script type=\"application\/ld+json\" class=\"yoast-schema-graph\">{\"@context\":\"https:\\\/\\\/schema.org\",\"@graph\":[{\"@type\":\"WebPage\",\"@id\":\"https:\\\/\\\/www.fakhr-group.com\\\/fakhrtower-2\\\/\",\"url\":\"https:\\\/\\\/www.fakhr-group.com\\\/fakhrtower-2\\\/\",\"name\":\"\u0628\u0631\u062c \u0641\u062e\u0631 - Fakhr\",\"isPartOf\":{\"@id\":\"https:\\\/\\\/www.fakhr-group.com\\\/#website\"},\"primaryImageOfPage\":{\"@id\":\"https:\\\/\\\/www.fakhr-group.com\\\/fakhrtower-2\\\/#primaryimage\"},\"image\":{\"@id\":\"https:\\\/\\\/www.fakhr-group.com\\\/fakhrtower-2\\\/#primaryimage\"},\"thumbnailUrl\":\"https:\\\/\\\/www.fakhr-group.com\\\/wp-content\\\/uploads\\\/2024\\\/05\\\/Fakhr-Tower.png\",\"datePublished\":\"2024-05-22T10:31:34+00:00\",\"dateModified\":\"2025-12-20T08:19:51+00:00\",\"breadcrumb\":{\"@id\":\"https:\\\/\\\/www.fakhr-group.com\\\/fakhrtower-2\\\/#breadcrumb\"},\"inLanguage\":\"en-US\",\"potentialAction\":[{\"@type\":\"ReadAction\",\"target\":[\"https:\\\/\\\/www.fakhr-group.com\\\/fakhrtower-2\\\/\"]}]},{\"@type\":\"ImageObject\",\"inLanguage\":\"en-US\",\"@id\":\"https:\\\/\\\/www.fakhr-group.com\\\/fakhrtower-2\\\/#primaryimage\",\"url\":\"https:\\\/\\\/www.fakhr-group.com\\\/wp-content\\\/uploads\\\/2024\\\/05\\\/Fakhr-Tower.png\",\"contentUrl\":\"https:\\\/\\\/www.fakhr-group.com\\\/wp-content\\\/uploads\\\/2024\\\/05\\\/Fakhr-Tower.png\"},{\"@type\":\"BreadcrumbList\",\"@id\":\"https:\\\/\\\/www.fakhr-group.com\\\/fakhrtower-2\\\/#breadcrumb\",\"itemListElement\":[{\"@type\":\"ListItem\",\"position\":1,\"name\":\"\u0627\u0644\u0631\u0626\u064a\u0633\u064a\u0629\",\"item\":\"https:\\\/\\\/www.fakhr-group.com\\\/\"},{\"@type\":\"ListItem\",\"position\":2,\"name\":\"\u0628\u0631\u062c \u0641\u062e\u0631\"}]},{\"@type\":\"WebSite\",\"@id\":\"https:\\\/\\\/www.fakhr-group.com\\\/#website\",\"url\":\"https:\\\/\\\/www.fakhr-group.com\\\/\",\"name\":\"Fakhr\",\"description\":\"Investment Holding Co.\",\"publisher\":{\"@id\":\"https:\\\/\\\/www.fakhr-group.com\\\/#organization\"},\"potentialAction\":[{\"@type\":\"SearchAction\",\"target\":{\"@type\":\"EntryPoint\",\"urlTemplate\":\"https:\\\/\\\/www.fakhr-group.com\\\/?s={search_term_string}\"},\"query-input\":{\"@type\":\"PropertyValueSpecification\",\"valueRequired\":true,\"valueName\":\"search_term_string\"}}],\"inLanguage\":\"en-US\"},{\"@type\":\"Organization\",\"@id\":\"https:\\\/\\\/www.fakhr-group.com\\\/#organization\",\"name\":\"Fakhr\",\"url\":\"https:\\\/\\\/www.fakhr-group.com\\\/\",\"logo\":{\"@type\":\"ImageObject\",\"inLanguage\":\"en-US\",\"@id\":\"https:\\\/\\\/www.fakhr-group.com\\\/#\\\/schema\\\/logo\\\/image\\\/\",\"url\":\"https:\\\/\\\/i0.wp.com\\\/www.fakhr-group.com\\\/wp-content\\\/uploads\\\/2024\\\/05\\\/logo.png?fit=119%2C139&ssl=1\",\"contentUrl\":\"https:\\\/\\\/i0.wp.com\\\/www.fakhr-group.com\\\/wp-content\\\/uploads\\\/2024\\\/05\\\/logo.png?fit=119%2C139&ssl=1\",\"width\":119,\"height\":139,\"caption\":\"Fakhr\"},\"image\":{\"@id\":\"https:\\\/\\\/www.fakhr-group.com\\\/#\\\/schema\\\/logo\\\/image\\\/\"}}]}<\/script>\n<!-- \/ Yoast SEO plugin. -->","yoast_head_json":{"title":"\u0628\u0631\u062c \u0641\u062e\u0631 - Fakhr","robots":{"index":"index","follow":"follow","max-snippet":"max-snippet:-1","max-image-preview":"max-image-preview:large","max-video-preview":"max-video-preview:-1"},"canonical":"https:\/\/www.fakhr-group.com\/en\/fakhrtower-2\/","og_locale":"en_US","og_type":"article","og_title":"\u0628\u0631\u062c \u0641\u062e\u0631 - Fakhr","og_description":"\u00d8\u00a8\u00d8\u00b1\u00d8\u00ac \u00d9\u0081\u00d8\u00ae\u00d8\u00b1 \u00d8\u00b9\u00d9\u2020\u00d9\u02c6\u00d8\u00a7\u00d9\u2020 \u00d9\u2026\u00d9\u201a\u00d8\u00b1 \u00d8\u00b4\u00d8\u00b1\u00d9\u0192\u00d8\u00aa\u00d9\u0192 \u00d9\u2021\u00d9\u02c6 \u00d8\u00ac\u00d8\u00b2\u00d8\u00a1 \u00d8\u00a7\u00d8\u00b3\u00d8\u00a7\u00d8\u00b3\u00d9\u0160 \u00d9\u2026\u00d9\u2020 \u00d8\u00b9\u00d9\u2020\u00d9\u02c6\u00d8\u00a7\u00d9\u2020 \u00d8\u00aa\u00d9\u2026\u00d9\u0160\u00d8\u00b2\u00d9\u0192..\u00d8\u00a8\u00d8\u00b1\u00d8\u00ac \u00d9\u0081\u00d8\u00ae\u00d8\u00b1 ..\u00d8\u00a3\u00d8\u00ad\u00d8\u00af\u00d8\u00ab \u00d9\u2026\u00d8\u00b9\u00d8\u00a7\u00d9\u201e\u00d9\u2026 \u00d8\u00a7\u00d9\u201e\u00d8\u00a3\u00d8\u00ad\u00d8\u00b3\u00d8\u00a7\u00d8\u00a1 \u00d8\u00a7\u00d9\u201e\u00d9\u2026\u00d9\u2026\u00d9\u0160\u00d8\u00b2\u00d9\u2021 \u00d9\u0160\u00d9\u02c6\u00d9\u0081\u00d8\u00b1 \u00d9\u201e\u00d9\u0192 \u00d9\u2026\u00d8\u00b3\u00d8\u00a7\u00d8\u00ad\u00d8\u00a7\u00d8\u00aa \u00d9\u2026\u00d8\u00aa\u00d9\u2020\u00d9\u02c6\u00d8\u00b9\u00d9\u2021 \u00d9\u0192\u00d8\u00a7\u00d9\u2026\u00d9\u201e\u00d8\u00a9 \u00d8\u00a7\u00d9\u201e\u00d9\u2026\u00d8\u00b1\u00d8\u00a7\u00d9\u0081\u00d9\u201a \u00d9\u02c6 \u00d8\u00a7\u00d9\u201e\u00d8\u00ae\u00d8\u00af\u00d9\u2026\u00d8\u00a7\u00d8\u00aa \u00d8\u00aa\u00d8\u00b5\u00d9\u201e\u00d8\u00ad \u00d9\u201e\u00d8\u00aa\u00d9\u0192\u00d9\u02c6\u00d9\u2020 \u00d9\u2026\u00d9\u201a\u00d8\u00b1\u00d8\u00a7 \u00d9\u201e\u00d8\u00a7\u00d9\u0192\u00d8\u00a8\u00d8\u00b1 \u00d8\u00a7\u00d9\u201e\u00d8\u00b4\u00d8\u00b1\u00d9\u0192\u00d8\u00a7\u00d8\u00aa \u00d9\u02c6 \u00d8\u00a7\u00d9\u201e\u00d9\u2026\u00d8\u00a4\u00d8\u00b3\u00d8\u00b3\u00d8\u00a7\u00d8\u00aa \u00d8\u00a7\u00d9\u201e\u00d8\u00aa\u00d8\u00ac\u00d8\u00a7\u00d8\u00b1\u00d9\u0160\u00d9\u2021. \u00d8\u00a7\u00d9\u201e\u00d9\u2026\u00d9\u02c6\u00d9\u201a\u00d8\u00b9 \u00d8\u00a7\u00d9\u201e\u00d9\u2026\u00d9\u2026\u00d9\u0160\u00d8\u00b2 \u00d9\u02c6 \u00d8\u00a7\u00d9\u201e\u00d8\u00aa\u00d8\u00b5\u00d9\u2026\u00d9\u0160\u00d9\u2026 \u00d8\u00a7\u00d9\u201e\u00d8\u00b1\u00d8\u00a7\u00d8\u00a6\u00d8\u00b9 \u00d9\u02c6 \u00d8\u00a7\u00d9\u201e\u00d9\u2026\u00d8\u00b3\u00d8\u00a7\u00d8\u00ad\u00d8\u00a7\u00d8\u00aa \u00d8\u00a7\u00d9\u201e\u00d9\u2026\u00d8\u00aa\u00d9\u2020\u00d9\u02c6\u00d8\u00b9\u00d9\u2021 \u00d8\u00ac\u00d8\u00b9\u00d9\u201e\u00d8\u00aa \u00d9\u2026\u00d9\u2020 \u00d8\u00a8\u00d8\u00b1\u00d8\u00ac \u00d9\u0081\u00d8\u00ae\u00d8\u00b1 \u00d8\u00a7\u00d9\u0081\u00d8\u00b6\u00d9\u201e \u00d9\u02c6\u00d8\u00ac\u00d9\u2021\u00d9\u2021 \u00d9\u201a\u00d8\u00a7\u00d8\u00af\u00d9\u2026\u00d9\u2021 \u00d9\u201e\u00d9\u2026\u00d9\u201a\u00d8\u00b1 \u00d8\u00b4\u00d8\u00b1\u00d9\u0192\u00d8\u00aa\u00d9\u0192 . \u00d8\u00aa\u00d8\u00ad\u00d9\u2026\u00d9\u0160\u00d9\u201e \u00d9\u2026\u00d9\u201e\u00d9\u0081 \u00d8\u00a7\u00d9\u201e\u00d9\u2026\u00d8\u00b4\u00d8\u00b1\u00d9\u02c6\u00d8\u00b9","og_url":"https:\/\/www.fakhr-group.com\/en\/fakhrtower-2\/","og_site_name":"Fakhr","article_modified_time":"2025-12-20T08:19:51+00:00","og_image":[{"url":"https:\/\/www.fakhr-group.com\/wp-content\/uploads\/2024\/05\/Fakhr-Tower.png","type":"","width":"","height":""}],"twitter_card":"summary_large_image","schema":{"@context":"https:\/\/schema.org","@graph":[{"@type":"WebPage","@id":"https:\/\/www.fakhr-group.com\/fakhrtower-2\/","url":"https:\/\/www.fakhr-group.com\/fakhrtower-2\/","name":"\u0628\u0631\u062c \u0641\u062e\u0631 - Fakhr","isPartOf":{"@id":"https:\/\/www.fakhr-group.com\/#website"},"primaryImageOfPage":{"@id":"https:\/\/www.fakhr-group.com\/fakhrtower-2\/#primaryimage"},"image":{"@id":"https:\/\/www.fakhr-group.com\/fakhrtower-2\/#primaryimage"},"thumbnailUrl":"https:\/\/www.fakhr-group.com\/wp-content\/uploads\/2024\/05\/Fakhr-Tower.png","datePublished":"2024-05-22T10:31:34+00:00","dateModified":"2025-12-20T08:19:51+00:00","breadcrumb":{"@id":"https:\/\/www.fakhr-group.com\/fakhrtower-2\/#breadcrumb"},"inLanguage":"en-US","potentialAction":[{"@type":"ReadAction","target":["https:\/\/www.fakhr-group.com\/fakhrtower-2\/"]}]},{"@type":"ImageObject","inLanguage":"en-US","@id":"https:\/\/www.fakhr-group.com\/fakhrtower-2\/#primaryimage","url":"https:\/\/www.fakhr-group.com\/wp-content\/uploads\/2024\/05\/Fakhr-Tower.png","contentUrl":"https:\/\/www.fakhr-group.com\/wp-content\/uploads\/2024\/05\/Fakhr-Tower.png"},{"@type":"BreadcrumbList","@id":"https:\/\/www.fakhr-group.com\/fakhrtower-2\/#breadcrumb","itemListElement":[{"@type":"ListItem","position":1,"name":"\u0627\u0644\u0631\u0626\u064a\u0633\u064a\u0629","item":"https:\/\/www.fakhr-group.com\/"},{"@type":"ListItem","position":2,"name":"\u0628\u0631\u062c \u0641\u062e\u0631"}]},{"@type":"WebSite","@id":"https:\/\/www.fakhr-group.com\/#website","url":"https:\/\/www.fakhr-group.com\/","name":"Fakhr","description":"Investment Holding Co.","publisher":{"@id":"https:\/\/www.fakhr-group.com\/#organization"},"potentialAction":[{"@type":"SearchAction","target":{"@type":"EntryPoint","urlTemplate":"https:\/\/www.fakhr-group.com\/?s={search_term_string}"},"query-input":{"@type":"PropertyValueSpecification","valueRequired":true,"valueName":"search_term_string"}}],"inLanguage":"en-US"},{"@type":"Organization","@id":"https:\/\/www.fakhr-group.com\/#organization","name":"Fakhr","url":"https:\/\/www.fakhr-group.com\/","logo":{"@type":"ImageObject","inLanguage":"en-US","@id":"https:\/\/www.fakhr-group.com\/#\/schema\/logo\/image\/","url":"https:\/\/i0.wp.com\/www.fakhr-group.com\/wp-content\/uploads\/2024\/05\/logo.png?fit=119%2C139&ssl=1","contentUrl":"https:\/\/i0.wp.com\/www.fakhr-group.com\/wp-content\/uploads\/2024\/05\/logo.png?fit=119%2C139&ssl=1","width":119,"height":139,"caption":"Fakhr"},"image":{"@id":"https:\/\/www.fakhr-group.com\/#\/schema\/logo\/image\/"}}]}},"jetpack_sharing_enabled":true,"_links":{"self":[{"href":"https:\/\/www.fakhr-group.com\/en\/wp-json\/wp\/v2\/pages\/1024","targetHints":{"allow":["GET"]}}],"collection":[{"href":"https:\/\/www.fakhr-group.com\/en\/wp-json\/wp\/v2\/pages"}],"about":[{"href":"https:\/\/www.fakhr-group.com\/en\/wp-json\/wp\/v2\/types\/page"}],"author":[{"embeddable":true,"href":"https:\/\/www.fakhr-group.com\/en\/wp-json\/wp\/v2\/users\/1"}],"replies":[{"embeddable":true,"href":"https:\/\/www.fakhr-group.com\/en\/wp-json\/wp\/v2\/comments?post=1024"}],"version-history":[{"count":5,"href":"https:\/\/www.fakhr-group.com\/en\/wp-json\/wp\/v2\/pages\/1024\/revisions"}],"predecessor-version":[{"id":1704,"href":"https:\/\/www.fakhr-group.com\/en\/wp-json\/wp\/v2\/pages\/1024\/revisions\/1704"}],"wp:attachment":[{"href":"https:\/\/www.fakhr-group.com\/en\/wp-json\/wp\/v2\/media?parent=1024"}],"curies":[{"name":"wp","href":"https:\/\/api.w.org\/{rel}","templated":true}]}}