{"id":1049,"date":"2024-05-22T11:19:29","date_gmt":"2024-05-22T11:19:29","guid":{"rendered":"https:\/\/www.fakhr-group.com\/?page_id=1049"},"modified":"2024-11-21T10:31:01","modified_gmt":"2024-11-21T10:31:01","slug":"strip-mall","status":"publish","type":"page","link":"https:\/\/www.fakhr-group.com\/en\/strip-mall\/","title":{"rendered":"Strip mall"},"content":{"rendered":"<body>\t\t<div data-elementor-type=\"wp-page\" data-elementor-id=\"1049\" class=\"elementor elementor-1049\" data-elementor-post-type=\"page\">\n\t\t\t\t<div class=\"elementor-element elementor-element-2f06b1b9 e-flex e-con-boxed e-con e-parent\" data-id=\"2f06b1b9\" data-element_type=\"container\" data-e-type=\"container\" data-settings='{\"background_background\":\"classic\"}'>\n\t\t\t\t\t<div class=\"e-con-inner\">\n\t\t<div class=\"elementor-element elementor-element-5ce71b68 e-con-full e-flex e-con e-child\" data-id=\"5ce71b68\" data-element_type=\"container\" data-e-type=\"container\">\n\t\t\t\t<div class=\"elementor-element elementor-element-5e67e6b6 medium elementor-widget elementor-widget-heading\" data-id=\"5e67e6b6\" data-element_type=\"widget\" data-e-type=\"widget\" data-widget_type=\"heading.default\">\n\t\t\t\t<div class=\"elementor-widget-container\">\n\t\t\t\t\t<h4 class=\"elementor-heading-title elementor-size-default\">\u0633\u062a\u0631\u064a\u0628 \u0645\u0648\u0644<\/h4>\t\t\t\t<\/div>\n\t\t\t\t<\/div>\n\t\t\t\t<div class=\"elementor-element elementor-element-23ca5ded elementor-widget elementor-widget-text-editor\" data-id=\"23ca5ded\" data-element_type=\"widget\" data-e-type=\"widget\" data-widget_type=\"text-editor.default\">\n\t\t\t\t<div class=\"elementor-widget-container\">\n\t\t\t\t\t\t\t\t\t<p>\u0648\u062c\u0647\u062a\u0643 \u0627\u0644\u0645\u062b\u0627\u0644\u064a\u0629 \u0627\u0644\u0642\u0627\u062f\u0645\u0629 \u0644\u0645\u062a\u062c\u0631\u0643 \u0623\u0648 \u0645\u0642\u0631 \u0634\u0631\u0643\u062a\u0643 \u0627\u0644\u0625\u062f\u0627\u0631\u064a \u0647\u064a \u201c\u0633\u062a\u0631\u064a\u0628 \u0645\u0648\u0644\u201d \u0628\u0648\u0627\u062c\u0647\u062a\u0647 \u0627\u0644\u0643\u0628\u064a\u0631\u0629 \u0627\u0644\u0645\u0645\u062a\u062f\u0629 \u0639\u0644\u0649 \u0637\u0631\u064a\u0642 \u0639\u064a\u0646 \u0646\u062c\u0645 \u0648\u0628\u0627\u0644\u0642\u0631\u0628 \u0645\u0646 \u0645\u0646\u062a\u0632\u0647 \u0639\u064a\u0646 \u0646\u062c\u0645 \u0648\u0637\u0631\u064a\u0642 \u0627\u0644\u0645\u0644\u0643 \u0633\u0639\u0648\u062f \u0648\u063a\u064a\u0631\u0647\u0627 \u0645\u0646 \u0627\u0644\u0637\u0631\u0642 \u0627\u0644\u0647\u0627\u0645\u0629 \u0648\u0627\u0644\u0645\u0646\u0627\u0637\u0642 \u0627\u0644\u062d\u064a\u0648\u064a\u0629<br>\u0645\u0645\u0627 \u064a\u062c\u0639\u0644 \u0645\u0646 \u201c\u0633\u062a\u0631\u064a\u0628 \u0645\u0648\u0644\u201d\u2026\u0645\u0648\u0642\u0639\u0627\u064b \u0641\u0631\u064a\u062f\u0627\u064b \u0644\u0645\u0646\u0634\u0622\u062a \u0627\u0644\u0627\u0639\u0645\u0627\u0644 \u064a\u0633\u062a\u062d\u0642 \u0627\u0644\u0627\u0642\u062a\u0646\u0627\u0621\u2026<\/p>\t\t\t\t\t\t\t\t<\/div>\n\t\t\t\t<\/div>\n\t\t\t\t<\/div>\n\t\t<div class=\"elementor-element elementor-element-184eef2 e-con-full e-flex e-con e-child\" data-id=\"184eef2\" data-element_type=\"container\" data-e-type=\"container\">\n\t\t\t\t<div class=\"elementor-element elementor-element-51be6532 elementor-widget elementor-widget-image\" data-id=\"51be6532\" data-element_type=\"widget\" data-e-type=\"widget\" data-widget_type=\"image.default\">\n\t\t\t\t<div class=\"elementor-widget-container\">\n\t\t\t\t\t\t\t\t\t\t\t\t\t\t\t<img loading=\"lazy\" decoding=\"async\" width=\"401\" height=\"61\" src=\"https:\/\/i0.wp.com\/www.fakhr-group.com\/wp-content\/uploads\/2024\/05\/Asset-1.png?fit=401%2C61&amp;ssl=1\" class=\"attachment-full size-full wp-image-1052\" alt=\"\" srcset=\"https:\/\/i0.wp.com\/www.fakhr-group.com\/wp-content\/uploads\/2024\/05\/Asset-1.png?w=401&amp;ssl=1 401w, https:\/\/i0.wp.com\/www.fakhr-group.com\/wp-content\/uploads\/2024\/05\/Asset-1.png?resize=300%2C46&amp;ssl=1 300w\" sizes=\"auto, (max-width: 401px) 100vw, 401px\">\t\t\t\t\t\t\t\t\t\t\t\t\t\t\t<\/div>\n\t\t\t\t<\/div>\n\t\t\t\t<div class=\"elementor-element elementor-element-705ecce elementor-align-right elementor-widget elementor-widget-button\" data-id=\"705ecce\" data-element_type=\"widget\" data-e-type=\"widget\" data-widget_type=\"button.default\">\n\t\t\t\t<div class=\"elementor-widget-container\">\n\t\t\t\t\t\t\t\t\t<div class=\"elementor-button-wrapper\">\n\t\t\t\t\t<a class=\"elementor-button elementor-button-link elementor-size-sm\" href=\"https:\/\/www.fakhr-group.com\/wp-content\/uploads\/2024\/08\/strip-mall-small.pdf\" target=\"_blank\" download=\"Strip\">\n\t\t\t\t\t\t<span class=\"elementor-button-content-wrapper\">\n\t\t\t\t\t\t\t\t\t<span class=\"elementor-button-text\">\u062a\u062d\u0645\u064a\u0644 \u0645\u0644\u0641 \u0627\u0644\u0645\u0634\u0631\u0648\u0639<\/span>\n\t\t\t\t\t<\/span>\n\t\t\t\t\t<\/a>\n\t\t\t\t<\/div>\n\t\t\t\t\t\t\t\t<\/div>\n\t\t\t\t<\/div>\n\t\t\t\t<\/div>\n\t\t\t\t\t<\/div>\n\t\t\t\t<\/div>\n\t\t<div class=\"elementor-element elementor-element-22ed9ad4 e-flex e-con-boxed e-con e-parent\" data-id=\"22ed9ad4\" data-element_type=\"container\" data-e-type=\"container\" data-settings='{\"background_background\":\"classic\"}'>\n\t\t\t\t\t<div class=\"e-con-inner\">\n\t\t\t\t<div class=\"elementor-element elementor-element-135cb94 elementor-widget elementor-widget-gallery\" data-id=\"135cb94\" data-element_type=\"widget\" data-e-type=\"widget\" data-settings='{\"columns\":3,\"lazyload\":\"yes\",\"gallery_layout\":\"grid\",\"columns_tablet\":2,\"columns_mobile\":1,\"gap\":{\"unit\":\"px\",\"size\":10,\"sizes\":[]},\"gap_tablet\":{\"unit\":\"px\",\"size\":10,\"sizes\":[]},\"gap_mobile\":{\"unit\":\"px\",\"size\":10,\"sizes\":[]},\"link_to\":\"file\",\"aspect_ratio\":\"3:2\",\"overlay_background\":\"yes\",\"content_hover_animation\":\"fade-in\"}' data-widget_type=\"gallery.default\">\n\t\t\t\t<div class=\"elementor-widget-container\">\n\t\t\t\t\t\t\t<div class=\"elementor-gallery__container\">\n\t\t\t\t\t\t\t<a class=\"e-gallery-item elementor-gallery-item elementor-animated-content\" href=\"https:\/\/i0.wp.com\/www.fakhr-group.com\/wp-content\/uploads\/2024\/05\/Artboard-3-100.jpg?fit=1921%2C1080&amp;ssl=1\" data-elementor-open-lightbox=\"yes\" data-elementor-lightbox-slideshow=\"135cb94\" data-elementor-lightbox-title=\"Artboard 3-100\" data-e-action-hash=\"#elementor-action%3Aaction%3Dlightbox%26settings%3DeyJpZCI6MTA1MywidXJsIjoiaHR0cHM6XC9cL3d3dy5mYWtoci1ncm91cC5jb21cL3dwLWNvbnRlbnRcL3VwbG9hZHNcLzIwMjRcLzA1XC9BcnRib2FyZC0zLTEwMC5qcGciLCJzbGlkZXNob3ciOiIxMzVjYjk0In0%3D\">\n\t\t\t\t\t<div class=\"e-gallery-image elementor-gallery-item__image\" data-thumbnail=\"https:\/\/i0.wp.com\/www.fakhr-group.com\/wp-content\/uploads\/2024\/05\/Artboard-3-100.jpg?fit=1921%2C1080&amp;ssl=1\" data-width=\"1921\" data-height=\"1080\" aria-label=\"\" role=\"img\"><\/div>\n\t\t\t\t\t\t\t\t\t\t\t<div class=\"elementor-gallery-item__overlay\"><\/div>\n\t\t\t\t\t\t\t\t\t\t\t\t\t\t<\/a>\n\t\t\t\t\t\t\t<a class=\"e-gallery-item elementor-gallery-item elementor-animated-content\" href=\"https:\/\/i0.wp.com\/www.fakhr-group.com\/wp-content\/uploads\/2024\/05\/Artboard-7-100.jpg?fit=1921%2C1081&amp;ssl=1\" data-elementor-open-lightbox=\"yes\" data-elementor-lightbox-slideshow=\"135cb94\" data-elementor-lightbox-title=\"Artboard 7-100\" data-e-action-hash=\"#elementor-action%3Aaction%3Dlightbox%26settings%3DeyJpZCI6MTA1NSwidXJsIjoiaHR0cHM6XC9cL3d3dy5mYWtoci1ncm91cC5jb21cL3dwLWNvbnRlbnRcL3VwbG9hZHNcLzIwMjRcLzA1XC9BcnRib2FyZC03LTEwMC5qcGciLCJzbGlkZXNob3ciOiIxMzVjYjk0In0%3D\">\n\t\t\t\t\t<div class=\"e-gallery-image elementor-gallery-item__image\" data-thumbnail=\"https:\/\/i0.wp.com\/www.fakhr-group.com\/wp-content\/uploads\/2024\/05\/Artboard-7-100.jpg?fit=1921%2C1081&amp;ssl=1\" data-width=\"1921\" data-height=\"1081\" aria-label=\"\" role=\"img\"><\/div>\n\t\t\t\t\t\t\t\t\t\t\t<div class=\"elementor-gallery-item__overlay\"><\/div>\n\t\t\t\t\t\t\t\t\t\t\t\t\t\t<\/a>\n\t\t\t\t\t\t\t<a class=\"e-gallery-item elementor-gallery-item elementor-animated-content\" href=\"https:\/\/i0.wp.com\/www.fakhr-group.com\/wp-content\/uploads\/2024\/05\/Artboard-4-100.jpg?fit=1921%2C1080&amp;ssl=1\" data-elementor-open-lightbox=\"yes\" data-elementor-lightbox-slideshow=\"135cb94\" data-elementor-lightbox-title=\"Artboard 4-100\" data-e-action-hash=\"#elementor-action%3Aaction%3Dlightbox%26settings%3DeyJpZCI6MTA1NCwidXJsIjoiaHR0cHM6XC9cL3d3dy5mYWtoci1ncm91cC5jb21cL3dwLWNvbnRlbnRcL3VwbG9hZHNcLzIwMjRcLzA1XC9BcnRib2FyZC00LTEwMC5qcGciLCJzbGlkZXNob3ciOiIxMzVjYjk0In0%3D\">\n\t\t\t\t\t<div class=\"e-gallery-image elementor-gallery-item__image\" data-thumbnail=\"https:\/\/i0.wp.com\/www.fakhr-group.com\/wp-content\/uploads\/2024\/05\/Artboard-4-100.jpg?fit=1921%2C1080&amp;ssl=1\" data-width=\"1921\" data-height=\"1080\" aria-label=\"\" role=\"img\"><\/div>\n\t\t\t\t\t\t\t\t\t\t\t<div class=\"elementor-gallery-item__overlay\"><\/div>\n\t\t\t\t\t\t\t\t\t\t\t\t\t\t<\/a>\n\t\t\t\t\t<\/div>\n\t\t\t\t\t<\/div>\n\t\t\t\t<\/div>\n\t\t\t\t\t<\/div>\n\t\t\t\t<\/div>\n\t\t\t\t<\/div>\n\t\t<\/body>","protected":false},"excerpt":{"rendered":"<p>\u00d8\u00b3\u00d8\u00aa\u00d8\u00b1\u00d9\u0160\u00d8\u00a8 \u00d9\u2026\u00d9\u02c6\u00d9\u201e \u00d9\u02c6\u00d8\u00ac\u00d9\u2021\u00d8\u00aa\u00d9\u0192 \u00d8\u00a7\u00d9\u201e\u00d9\u2026\u00d8\u00ab\u00d8\u00a7\u00d9\u201e\u00d9\u0160\u00d8\u00a9 \u00d8\u00a7\u00d9\u201e\u00d9\u201a\u00d8\u00a7\u00d8\u00af\u00d9\u2026\u00d8\u00a9 \u00d9\u201e\u00d9\u2026\u00d8\u00aa\u00d8\u00ac\u00d8\u00b1\u00d9\u0192 \u00d8\u00a3\u00d9\u02c6 \u00d9\u2026\u00d9\u201a\u00d8\u00b1 \u00d8\u00b4\u00d8\u00b1\u00d9\u0192\u00d8\u00aa\u00d9\u0192 \u00d8\u00a7\u00d9\u201e\u00d8\u00a5\u00d8\u00af\u00d8\u00a7\u00d8\u00b1\u00d9\u0160 \u00d9\u2021\u00d9\u0160 &#8220;\u00d8\u00b3\u00d8\u00aa\u00d8\u00b1\u00d9\u0160\u00d8\u00a8 \u00d9\u2026\u00d9\u02c6\u00d9\u201e&#8221; \u00d8\u00a8\u00d9\u02c6\u00d8\u00a7\u00d8\u00ac\u00d9\u2021\u00d8\u00aa\u00d9\u2021 \u00d8\u00a7\u00d9\u201e\u00d9\u0192\u00d8\u00a8\u00d9\u0160\u00d8\u00b1\u00d8\u00a9 \u00d8\u00a7\u00d9\u201e\u00d9\u2026\u00d9\u2026\u00d8\u00aa\u00d8\u00af\u00d8\u00a9 \u00d8\u00b9\u00d9\u201e\u00d9\u2030 \u00d8\u00b7\u00d8\u00b1\u00d9\u0160\u00d9\u201a \u00d8\u00b9\u00d9\u0160\u00d9\u2020 \u00d9\u2020\u00d8\u00ac\u00d9\u2026 \u00d9\u02c6\u00d8\u00a8\u00d8\u00a7\u00d9\u201e\u00d9\u201a\u00d8\u00b1\u00d8\u00a8 \u00d9\u2026\u00d9\u2020 \u00d9\u2026\u00d9\u2020\u00d8\u00aa\u00d8\u00b2\u00d9\u2021 \u00d8\u00b9\u00d9\u0160\u00d9\u2020 \u00d9\u2020\u00d8\u00ac\u00d9\u2026 \u00d9\u02c6\u00d8\u00b7\u00d8\u00b1\u00d9\u0160\u00d9\u201a \u00d8\u00a7\u00d9\u201e\u00d9\u2026\u00d9\u201e\u00d9\u0192 \u00d8\u00b3\u00d8\u00b9\u00d9\u02c6\u00d8\u00af \u00d9\u02c6\u00d8\u00ba\u00d9\u0160\u00d8\u00b1\u00d9\u2021\u00d8\u00a7 \u00d9\u2026\u00d9\u2020 \u00d8\u00a7\u00d9\u201e\u00d8\u00b7\u00d8\u00b1\u00d9\u201a \u00d8\u00a7\u00d9\u201e\u00d9\u2021\u00d8\u00a7\u00d9\u2026\u00d8\u00a9 \u00d9\u02c6\u00d8\u00a7\u00d9\u201e\u00d9\u2026\u00d9\u2020\u00d8\u00a7\u00d8\u00b7\u00d9\u201a \u00d8\u00a7\u00d9\u201e\u00d8\u00ad\u00d9\u0160\u00d9\u02c6\u00d9\u0160\u00d8\u00a9\u00d9\u2026\u00d9\u2026\u00d8\u00a7 \u00d9\u0160\u00d8\u00ac\u00d8\u00b9\u00d9\u201e \u00d9\u2026\u00d9\u2020 &#8220;\u00d8\u00b3\u00d8\u00aa\u00d8\u00b1\u00d9\u0160\u00d8\u00a8 \u00d9\u2026\u00d9\u02c6\u00d9\u201e&#8221;&#8230;\u00d9\u2026\u00d9\u02c6\u00d9\u201a\u00d8\u00b9\u00d8\u00a7\u00d9\u2039 \u00d9\u0081\u00d8\u00b1\u00d9\u0160\u00d8\u00af\u00d8\u00a7\u00d9\u2039 \u00d9\u201e\u00d9\u2026\u00d9\u2020\u00d8\u00b4\u00d8\u00a2\u00d8\u00aa \u00d8\u00a7\u00d9\u201e\u00d8\u00a7\u00d8\u00b9\u00d9\u2026\u00d8\u00a7\u00d9\u201e \u00d9\u0160\u00d8\u00b3\u00d8\u00aa\u00d8\u00ad\u00d9\u201a \u00d8\u00a7\u00d9\u201e\u00d8\u00a7\u00d9\u201a\u00d8\u00aa\u00d9\u2020\u00d8\u00a7\u00d8\u00a1&#8230; \u00d8\u00aa\u00d8\u00ad\u00d9\u2026\u00d9\u0160\u00d9\u201e \u00d9\u2026\u00d9\u201e\u00d9\u0081 \u00d8\u00a7\u00d9\u201e\u00d9\u2026\u00d8\u00b4\u00d8\u00b1\u00d9\u02c6\u00d8\u00b9<\/p>","protected":false},"author":1,"featured_media":0,"parent":0,"menu_order":0,"comment_status":"closed","ping_status":"closed","template":"","meta":{"om_disable_all_campaigns":false,"footnotes":""},"class_list":["post-1049","page","type-page","status-publish","hentry"],"blocksy_meta":{"has_hero_section":"disabled","styles_descriptor":{"styles":{"desktop":"","tablet":"","mobile":""},"google_fonts":[],"version":6}},"yoast_head":"<!-- This site is optimized with the Yoast SEO plugin v27.5 - https:\/\/yoast.com\/product\/yoast-seo-wordpress\/ -->\n<title>Strip mall - Fakhr<\/title>\n<meta name=\"robots\" content=\"index, follow, max-snippet:-1, max-image-preview:large, max-video-preview:-1\" \/>\n<link rel=\"canonical\" href=\"https:\/\/www.fakhr-group.com\/en\/strip-mall\/\" \/>\n<meta property=\"og:locale\" content=\"en_US\" \/>\n<meta property=\"og:type\" content=\"article\" \/>\n<meta property=\"og:title\" content=\"Strip mall - Fakhr\" \/>\n<meta property=\"og:description\" content=\"\u00d8\u00b3\u00d8\u00aa\u00d8\u00b1\u00d9\u0160\u00d8\u00a8 \u00d9\u2026\u00d9\u02c6\u00d9\u201e \u00d9\u02c6\u00d8\u00ac\u00d9\u2021\u00d8\u00aa\u00d9\u0192 \u00d8\u00a7\u00d9\u201e\u00d9\u2026\u00d8\u00ab\u00d8\u00a7\u00d9\u201e\u00d9\u0160\u00d8\u00a9 \u00d8\u00a7\u00d9\u201e\u00d9\u201a\u00d8\u00a7\u00d8\u00af\u00d9\u2026\u00d8\u00a9 \u00d9\u201e\u00d9\u2026\u00d8\u00aa\u00d8\u00ac\u00d8\u00b1\u00d9\u0192 \u00d8\u00a3\u00d9\u02c6 \u00d9\u2026\u00d9\u201a\u00d8\u00b1 \u00d8\u00b4\u00d8\u00b1\u00d9\u0192\u00d8\u00aa\u00d9\u0192 \u00d8\u00a7\u00d9\u201e\u00d8\u00a5\u00d8\u00af\u00d8\u00a7\u00d8\u00b1\u00d9\u0160 \u00d9\u2021\u00d9\u0160 &#8220;\u00d8\u00b3\u00d8\u00aa\u00d8\u00b1\u00d9\u0160\u00d8\u00a8 \u00d9\u2026\u00d9\u02c6\u00d9\u201e&#8221; \u00d8\u00a8\u00d9\u02c6\u00d8\u00a7\u00d8\u00ac\u00d9\u2021\u00d8\u00aa\u00d9\u2021 \u00d8\u00a7\u00d9\u201e\u00d9\u0192\u00d8\u00a8\u00d9\u0160\u00d8\u00b1\u00d8\u00a9 \u00d8\u00a7\u00d9\u201e\u00d9\u2026\u00d9\u2026\u00d8\u00aa\u00d8\u00af\u00d8\u00a9 \u00d8\u00b9\u00d9\u201e\u00d9\u2030 \u00d8\u00b7\u00d8\u00b1\u00d9\u0160\u00d9\u201a \u00d8\u00b9\u00d9\u0160\u00d9\u2020 \u00d9\u2020\u00d8\u00ac\u00d9\u2026 \u00d9\u02c6\u00d8\u00a8\u00d8\u00a7\u00d9\u201e\u00d9\u201a\u00d8\u00b1\u00d8\u00a8 \u00d9\u2026\u00d9\u2020 \u00d9\u2026\u00d9\u2020\u00d8\u00aa\u00d8\u00b2\u00d9\u2021 \u00d8\u00b9\u00d9\u0160\u00d9\u2020 \u00d9\u2020\u00d8\u00ac\u00d9\u2026 \u00d9\u02c6\u00d8\u00b7\u00d8\u00b1\u00d9\u0160\u00d9\u201a \u00d8\u00a7\u00d9\u201e\u00d9\u2026\u00d9\u201e\u00d9\u0192 \u00d8\u00b3\u00d8\u00b9\u00d9\u02c6\u00d8\u00af \u00d9\u02c6\u00d8\u00ba\u00d9\u0160\u00d8\u00b1\u00d9\u2021\u00d8\u00a7 \u00d9\u2026\u00d9\u2020 \u00d8\u00a7\u00d9\u201e\u00d8\u00b7\u00d8\u00b1\u00d9\u201a \u00d8\u00a7\u00d9\u201e\u00d9\u2021\u00d8\u00a7\u00d9\u2026\u00d8\u00a9 \u00d9\u02c6\u00d8\u00a7\u00d9\u201e\u00d9\u2026\u00d9\u2020\u00d8\u00a7\u00d8\u00b7\u00d9\u201a \u00d8\u00a7\u00d9\u201e\u00d8\u00ad\u00d9\u0160\u00d9\u02c6\u00d9\u0160\u00d8\u00a9\u00d9\u2026\u00d9\u2026\u00d8\u00a7 \u00d9\u0160\u00d8\u00ac\u00d8\u00b9\u00d9\u201e \u00d9\u2026\u00d9\u2020 &#8220;\u00d8\u00b3\u00d8\u00aa\u00d8\u00b1\u00d9\u0160\u00d8\u00a8 \u00d9\u2026\u00d9\u02c6\u00d9\u201e&#8221;&#8230;\u00d9\u2026\u00d9\u02c6\u00d9\u201a\u00d8\u00b9\u00d8\u00a7\u00d9\u2039 \u00d9\u0081\u00d8\u00b1\u00d9\u0160\u00d8\u00af\u00d8\u00a7\u00d9\u2039 \u00d9\u201e\u00d9\u2026\u00d9\u2020\u00d8\u00b4\u00d8\u00a2\u00d8\u00aa \u00d8\u00a7\u00d9\u201e\u00d8\u00a7\u00d8\u00b9\u00d9\u2026\u00d8\u00a7\u00d9\u201e \u00d9\u0160\u00d8\u00b3\u00d8\u00aa\u00d8\u00ad\u00d9\u201a \u00d8\u00a7\u00d9\u201e\u00d8\u00a7\u00d9\u201a\u00d8\u00aa\u00d9\u2020\u00d8\u00a7\u00d8\u00a1&#8230; \u00d8\u00aa\u00d8\u00ad\u00d9\u2026\u00d9\u0160\u00d9\u201e \u00d9\u2026\u00d9\u201e\u00d9\u0081 \u00d8\u00a7\u00d9\u201e\u00d9\u2026\u00d8\u00b4\u00d8\u00b1\u00d9\u02c6\u00d8\u00b9\" \/>\n<meta property=\"og:url\" content=\"https:\/\/www.fakhr-group.com\/en\/strip-mall\/\" \/>\n<meta property=\"og:site_name\" content=\"Fakhr\" \/>\n<meta property=\"article:modified_time\" content=\"2024-11-21T10:31:01+00:00\" \/>\n<meta property=\"og:image\" content=\"https:\/\/www.fakhr-group.com\/wp-content\/uploads\/2024\/05\/Asset-1.png\" \/>\n<meta name=\"twitter:card\" content=\"summary_large_image\" \/>\n<meta name=\"twitter:label1\" content=\"Est. reading time\" \/>\n\t<meta name=\"twitter:data1\" content=\"1 minute\" \/>\n<script type=\"application\/ld+json\" class=\"yoast-schema-graph\">{\"@context\":\"https:\\\/\\\/schema.org\",\"@graph\":[{\"@type\":\"WebPage\",\"@id\":\"https:\\\/\\\/www.fakhr-group.com\\\/strip-mall\\\/\",\"url\":\"https:\\\/\\\/www.fakhr-group.com\\\/strip-mall\\\/\",\"name\":\"Strip mall - Fakhr\",\"isPartOf\":{\"@id\":\"https:\\\/\\\/www.fakhr-group.com\\\/#website\"},\"primaryImageOfPage\":{\"@id\":\"https:\\\/\\\/www.fakhr-group.com\\\/strip-mall\\\/#primaryimage\"},\"image\":{\"@id\":\"https:\\\/\\\/www.fakhr-group.com\\\/strip-mall\\\/#primaryimage\"},\"thumbnailUrl\":\"https:\\\/\\\/www.fakhr-group.com\\\/wp-content\\\/uploads\\\/2024\\\/05\\\/Asset-1.png\",\"datePublished\":\"2024-05-22T11:19:29+00:00\",\"dateModified\":\"2024-11-21T10:31:01+00:00\",\"breadcrumb\":{\"@id\":\"https:\\\/\\\/www.fakhr-group.com\\\/strip-mall\\\/#breadcrumb\"},\"inLanguage\":\"en-US\",\"potentialAction\":[{\"@type\":\"ReadAction\",\"target\":[\"https:\\\/\\\/www.fakhr-group.com\\\/strip-mall\\\/\"]}]},{\"@type\":\"ImageObject\",\"inLanguage\":\"en-US\",\"@id\":\"https:\\\/\\\/www.fakhr-group.com\\\/strip-mall\\\/#primaryimage\",\"url\":\"https:\\\/\\\/www.fakhr-group.com\\\/wp-content\\\/uploads\\\/2024\\\/05\\\/Asset-1.png\",\"contentUrl\":\"https:\\\/\\\/www.fakhr-group.com\\\/wp-content\\\/uploads\\\/2024\\\/05\\\/Asset-1.png\"},{\"@type\":\"BreadcrumbList\",\"@id\":\"https:\\\/\\\/www.fakhr-group.com\\\/strip-mall\\\/#breadcrumb\",\"itemListElement\":[{\"@type\":\"ListItem\",\"position\":1,\"name\":\"\u0627\u0644\u0631\u0626\u064a\u0633\u064a\u0629\",\"item\":\"https:\\\/\\\/www.fakhr-group.com\\\/\"},{\"@type\":\"ListItem\",\"position\":2,\"name\":\"Strip mall\"}]},{\"@type\":\"WebSite\",\"@id\":\"https:\\\/\\\/www.fakhr-group.com\\\/#website\",\"url\":\"https:\\\/\\\/www.fakhr-group.com\\\/\",\"name\":\"Fakhr\",\"description\":\"Investment Holding Co.\",\"publisher\":{\"@id\":\"https:\\\/\\\/www.fakhr-group.com\\\/#organization\"},\"potentialAction\":[{\"@type\":\"SearchAction\",\"target\":{\"@type\":\"EntryPoint\",\"urlTemplate\":\"https:\\\/\\\/www.fakhr-group.com\\\/?s={search_term_string}\"},\"query-input\":{\"@type\":\"PropertyValueSpecification\",\"valueRequired\":true,\"valueName\":\"search_term_string\"}}],\"inLanguage\":\"en-US\"},{\"@type\":\"Organization\",\"@id\":\"https:\\\/\\\/www.fakhr-group.com\\\/#organization\",\"name\":\"Fakhr\",\"url\":\"https:\\\/\\\/www.fakhr-group.com\\\/\",\"logo\":{\"@type\":\"ImageObject\",\"inLanguage\":\"en-US\",\"@id\":\"https:\\\/\\\/www.fakhr-group.com\\\/#\\\/schema\\\/logo\\\/image\\\/\",\"url\":\"https:\\\/\\\/i0.wp.com\\\/www.fakhr-group.com\\\/wp-content\\\/uploads\\\/2024\\\/05\\\/logo.png?fit=119%2C139&ssl=1\",\"contentUrl\":\"https:\\\/\\\/i0.wp.com\\\/www.fakhr-group.com\\\/wp-content\\\/uploads\\\/2024\\\/05\\\/logo.png?fit=119%2C139&ssl=1\",\"width\":119,\"height\":139,\"caption\":\"Fakhr\"},\"image\":{\"@id\":\"https:\\\/\\\/www.fakhr-group.com\\\/#\\\/schema\\\/logo\\\/image\\\/\"}}]}<\/script>\n<!-- \/ Yoast SEO plugin. -->","yoast_head_json":{"title":"Strip mall - Fakhr","robots":{"index":"index","follow":"follow","max-snippet":"max-snippet:-1","max-image-preview":"max-image-preview:large","max-video-preview":"max-video-preview:-1"},"canonical":"https:\/\/www.fakhr-group.com\/en\/strip-mall\/","og_locale":"en_US","og_type":"article","og_title":"Strip mall - Fakhr","og_description":"\u00d8\u00b3\u00d8\u00aa\u00d8\u00b1\u00d9\u0160\u00d8\u00a8 \u00d9\u2026\u00d9\u02c6\u00d9\u201e \u00d9\u02c6\u00d8\u00ac\u00d9\u2021\u00d8\u00aa\u00d9\u0192 \u00d8\u00a7\u00d9\u201e\u00d9\u2026\u00d8\u00ab\u00d8\u00a7\u00d9\u201e\u00d9\u0160\u00d8\u00a9 \u00d8\u00a7\u00d9\u201e\u00d9\u201a\u00d8\u00a7\u00d8\u00af\u00d9\u2026\u00d8\u00a9 \u00d9\u201e\u00d9\u2026\u00d8\u00aa\u00d8\u00ac\u00d8\u00b1\u00d9\u0192 \u00d8\u00a3\u00d9\u02c6 \u00d9\u2026\u00d9\u201a\u00d8\u00b1 \u00d8\u00b4\u00d8\u00b1\u00d9\u0192\u00d8\u00aa\u00d9\u0192 \u00d8\u00a7\u00d9\u201e\u00d8\u00a5\u00d8\u00af\u00d8\u00a7\u00d8\u00b1\u00d9\u0160 \u00d9\u2021\u00d9\u0160 &#8220;\u00d8\u00b3\u00d8\u00aa\u00d8\u00b1\u00d9\u0160\u00d8\u00a8 \u00d9\u2026\u00d9\u02c6\u00d9\u201e&#8221; \u00d8\u00a8\u00d9\u02c6\u00d8\u00a7\u00d8\u00ac\u00d9\u2021\u00d8\u00aa\u00d9\u2021 \u00d8\u00a7\u00d9\u201e\u00d9\u0192\u00d8\u00a8\u00d9\u0160\u00d8\u00b1\u00d8\u00a9 \u00d8\u00a7\u00d9\u201e\u00d9\u2026\u00d9\u2026\u00d8\u00aa\u00d8\u00af\u00d8\u00a9 \u00d8\u00b9\u00d9\u201e\u00d9\u2030 \u00d8\u00b7\u00d8\u00b1\u00d9\u0160\u00d9\u201a \u00d8\u00b9\u00d9\u0160\u00d9\u2020 \u00d9\u2020\u00d8\u00ac\u00d9\u2026 \u00d9\u02c6\u00d8\u00a8\u00d8\u00a7\u00d9\u201e\u00d9\u201a\u00d8\u00b1\u00d8\u00a8 \u00d9\u2026\u00d9\u2020 \u00d9\u2026\u00d9\u2020\u00d8\u00aa\u00d8\u00b2\u00d9\u2021 \u00d8\u00b9\u00d9\u0160\u00d9\u2020 \u00d9\u2020\u00d8\u00ac\u00d9\u2026 \u00d9\u02c6\u00d8\u00b7\u00d8\u00b1\u00d9\u0160\u00d9\u201a \u00d8\u00a7\u00d9\u201e\u00d9\u2026\u00d9\u201e\u00d9\u0192 \u00d8\u00b3\u00d8\u00b9\u00d9\u02c6\u00d8\u00af \u00d9\u02c6\u00d8\u00ba\u00d9\u0160\u00d8\u00b1\u00d9\u2021\u00d8\u00a7 \u00d9\u2026\u00d9\u2020 \u00d8\u00a7\u00d9\u201e\u00d8\u00b7\u00d8\u00b1\u00d9\u201a \u00d8\u00a7\u00d9\u201e\u00d9\u2021\u00d8\u00a7\u00d9\u2026\u00d8\u00a9 \u00d9\u02c6\u00d8\u00a7\u00d9\u201e\u00d9\u2026\u00d9\u2020\u00d8\u00a7\u00d8\u00b7\u00d9\u201a \u00d8\u00a7\u00d9\u201e\u00d8\u00ad\u00d9\u0160\u00d9\u02c6\u00d9\u0160\u00d8\u00a9\u00d9\u2026\u00d9\u2026\u00d8\u00a7 \u00d9\u0160\u00d8\u00ac\u00d8\u00b9\u00d9\u201e \u00d9\u2026\u00d9\u2020 &#8220;\u00d8\u00b3\u00d8\u00aa\u00d8\u00b1\u00d9\u0160\u00d8\u00a8 \u00d9\u2026\u00d9\u02c6\u00d9\u201e&#8221;&#8230;\u00d9\u2026\u00d9\u02c6\u00d9\u201a\u00d8\u00b9\u00d8\u00a7\u00d9\u2039 \u00d9\u0081\u00d8\u00b1\u00d9\u0160\u00d8\u00af\u00d8\u00a7\u00d9\u2039 \u00d9\u201e\u00d9\u2026\u00d9\u2020\u00d8\u00b4\u00d8\u00a2\u00d8\u00aa \u00d8\u00a7\u00d9\u201e\u00d8\u00a7\u00d8\u00b9\u00d9\u2026\u00d8\u00a7\u00d9\u201e \u00d9\u0160\u00d8\u00b3\u00d8\u00aa\u00d8\u00ad\u00d9\u201a \u00d8\u00a7\u00d9\u201e\u00d8\u00a7\u00d9\u201a\u00d8\u00aa\u00d9\u2020\u00d8\u00a7\u00d8\u00a1&#8230; \u00d8\u00aa\u00d8\u00ad\u00d9\u2026\u00d9\u0160\u00d9\u201e \u00d9\u2026\u00d9\u201e\u00d9\u0081 \u00d8\u00a7\u00d9\u201e\u00d9\u2026\u00d8\u00b4\u00d8\u00b1\u00d9\u02c6\u00d8\u00b9","og_url":"https:\/\/www.fakhr-group.com\/en\/strip-mall\/","og_site_name":"Fakhr","article_modified_time":"2024-11-21T10:31:01+00:00","og_image":[{"url":"https:\/\/www.fakhr-group.com\/wp-content\/uploads\/2024\/05\/Asset-1.png","type":"","width":"","height":""}],"twitter_card":"summary_large_image","twitter_misc":{"Est. reading time":"1 minute"},"schema":{"@context":"https:\/\/schema.org","@graph":[{"@type":"WebPage","@id":"https:\/\/www.fakhr-group.com\/strip-mall\/","url":"https:\/\/www.fakhr-group.com\/strip-mall\/","name":"Strip mall - Fakhr","isPartOf":{"@id":"https:\/\/www.fakhr-group.com\/#website"},"primaryImageOfPage":{"@id":"https:\/\/www.fakhr-group.com\/strip-mall\/#primaryimage"},"image":{"@id":"https:\/\/www.fakhr-group.com\/strip-mall\/#primaryimage"},"thumbnailUrl":"https:\/\/www.fakhr-group.com\/wp-content\/uploads\/2024\/05\/Asset-1.png","datePublished":"2024-05-22T11:19:29+00:00","dateModified":"2024-11-21T10:31:01+00:00","breadcrumb":{"@id":"https:\/\/www.fakhr-group.com\/strip-mall\/#breadcrumb"},"inLanguage":"en-US","potentialAction":[{"@type":"ReadAction","target":["https:\/\/www.fakhr-group.com\/strip-mall\/"]}]},{"@type":"ImageObject","inLanguage":"en-US","@id":"https:\/\/www.fakhr-group.com\/strip-mall\/#primaryimage","url":"https:\/\/www.fakhr-group.com\/wp-content\/uploads\/2024\/05\/Asset-1.png","contentUrl":"https:\/\/www.fakhr-group.com\/wp-content\/uploads\/2024\/05\/Asset-1.png"},{"@type":"BreadcrumbList","@id":"https:\/\/www.fakhr-group.com\/strip-mall\/#breadcrumb","itemListElement":[{"@type":"ListItem","position":1,"name":"\u0627\u0644\u0631\u0626\u064a\u0633\u064a\u0629","item":"https:\/\/www.fakhr-group.com\/"},{"@type":"ListItem","position":2,"name":"Strip mall"}]},{"@type":"WebSite","@id":"https:\/\/www.fakhr-group.com\/#website","url":"https:\/\/www.fakhr-group.com\/","name":"Fakhr","description":"Investment Holding Co.","publisher":{"@id":"https:\/\/www.fakhr-group.com\/#organization"},"potentialAction":[{"@type":"SearchAction","target":{"@type":"EntryPoint","urlTemplate":"https:\/\/www.fakhr-group.com\/?s={search_term_string}"},"query-input":{"@type":"PropertyValueSpecification","valueRequired":true,"valueName":"search_term_string"}}],"inLanguage":"en-US"},{"@type":"Organization","@id":"https:\/\/www.fakhr-group.com\/#organization","name":"Fakhr","url":"https:\/\/www.fakhr-group.com\/","logo":{"@type":"ImageObject","inLanguage":"en-US","@id":"https:\/\/www.fakhr-group.com\/#\/schema\/logo\/image\/","url":"https:\/\/i0.wp.com\/www.fakhr-group.com\/wp-content\/uploads\/2024\/05\/logo.png?fit=119%2C139&ssl=1","contentUrl":"https:\/\/i0.wp.com\/www.fakhr-group.com\/wp-content\/uploads\/2024\/05\/logo.png?fit=119%2C139&ssl=1","width":119,"height":139,"caption":"Fakhr"},"image":{"@id":"https:\/\/www.fakhr-group.com\/#\/schema\/logo\/image\/"}}]}},"jetpack_sharing_enabled":true,"_links":{"self":[{"href":"https:\/\/www.fakhr-group.com\/en\/wp-json\/wp\/v2\/pages\/1049","targetHints":{"allow":["GET"]}}],"collection":[{"href":"https:\/\/www.fakhr-group.com\/en\/wp-json\/wp\/v2\/pages"}],"about":[{"href":"https:\/\/www.fakhr-group.com\/en\/wp-json\/wp\/v2\/types\/page"}],"author":[{"embeddable":true,"href":"https:\/\/www.fakhr-group.com\/en\/wp-json\/wp\/v2\/users\/1"}],"replies":[{"embeddable":true,"href":"https:\/\/www.fakhr-group.com\/en\/wp-json\/wp\/v2\/comments?post=1049"}],"version-history":[{"count":5,"href":"https:\/\/www.fakhr-group.com\/en\/wp-json\/wp\/v2\/pages\/1049\/revisions"}],"predecessor-version":[{"id":1657,"href":"https:\/\/www.fakhr-group.com\/en\/wp-json\/wp\/v2\/pages\/1049\/revisions\/1657"}],"wp:attachment":[{"href":"https:\/\/www.fakhr-group.com\/en\/wp-json\/wp\/v2\/media?parent=1049"}],"curies":[{"name":"wp","href":"https:\/\/api.w.org\/{rel}","templated":true}]}}