{"id":1533,"date":"2024-09-30T08:17:16","date_gmt":"2024-09-30T08:17:16","guid":{"rendered":"https:\/\/www.fakhr-group.com\/?page_id=1533"},"modified":"2025-12-20T07:54:49","modified_gmt":"2025-12-20T07:54:49","slug":"%d8%a7%d9%86%d8%af%d9%84%d8%b3%d9%8a%d8%a9-%d8%a7%d9%84%d8%ad%d9%85%d8%a7%d8%af","status":"publish","type":"page","link":"https:\/\/www.fakhr-group.com\/en\/%d8%a7%d9%86%d8%af%d9%84%d8%b3%d9%8a%d8%a9-%d8%a7%d9%84%d8%ad%d9%85%d8%a7%d8%af\/","title":{"rendered":"\u0627\u0646\u062f\u0644\u0633\u064a\u0629-\u0627\u0644\u062d\u0645\u0627\u062f"},"content":{"rendered":"<body><p><\/p>\n<h4>Andalusia Al-Hammad<\/h4>\n<p>Andalusia Al Hammad is characterized by the wonderful and distinctive Andalusian style that explains the fragrance and elegance of Arab civilization and its strategic location on King Abdullah Road, which is considered one of the most beautiful and modern development roads as it connects the city center to the Riyadh Road. The project is located in the southern Sulaymaniyah neighborhood, which is considered one of the high-end neighborhoods of Al-Ahsa, surrounded by it from the north by Riyadh Road, from the west by Airport Road and from the east by King Abdullah Road and characterizes the neighborhood with all services and facilities. The project area is about 10000 m and includes 26 commercial galleries with various names where customers find wide choices under one roof in addition to parking lots.<\/p>\n<p>\t\t\t\t\t\t\t\t\t\t\t\t\t<img data-recalc-dims=\"1\" loading=\"lazy\" decoding=\"async\" width=\"139\" height=\"220\" src=\"https:\/\/i0.wp.com\/www.fakhr-group.com\/wp-content\/uploads\/2024\/09\/%C3%98%C2%A7%C3%99%E2%80%9E%C3%98%C2%A3%C3%99%E2%80%A0%C3%98%C2%AF%C3%99%E2%80%9E%C3%98%C2%B3%C3%99%C5%A0%C3%98%C2%A91.png?resize=139%2C220&#038;ssl=1\" alt=\"\" srcset=\"https:\/\/www.fakhr-group.com\/wp-content\/uploads\/2024\/09\/\u00d8\u00a7\u00d9\u201e\u00d8\u00a3\u00d9\u2020\u00d8\u00af\u00d9\u201e\u00d8\u00b3\u00d9\u0160\u00d8\u00a91.png 139w, https:\/\/www.fakhr-group.com\/wp-content\/uploads\/2024\/09\/\u00d8\u00a7\u00d9\u201e\u00d8\u00a3\u00d9\u2020\u00d8\u00af\u00d9\u201e\u00d8\u00b3\u00d9\u0160\u00d8\u00a91-8x12.png 8w\" sizes=\"auto, (max-width: 139px) 100vw, 139px\"><br>\n\t\t\t<a href=\"\/wp-content\/uploads\/2024\/09\/%C3%98%C2%A7%C3%99%E2%80%9E%C3%98%C2%A3%C3%99%E2%80%A0%C3%98%C2%AF%C3%99%E2%80%9E%C3%98%C2%B3%C3%99%C5%A0%C3%98%C2%A91.pdf\" target=\"_blank\" download=\"Andalusia\" rel=\"noopener\"><br>\n\t\t\t\t\t\t\t\t\tDownload Project File<br>\n\t\t\t\t\t<\/a><br>\n\t\t\t\t\t\t\t<a href=\"https:\/\/www.fakhr-group.com\/wp-content\/uploads\/2024\/09\/Asset-2-100.jpg\" data-elementor-open-lightbox=\"yes\" data-elementor-lightbox-slideshow=\"529afdb\" data-elementor-lightbox-title=\"Asset 2-100\" data-e-action-hash=\"#elementor-action%3Aaction%3Dlightbox%26settings%3DeyJpZCI6MTU0MCwidXJsIjoiaHR0cHM6XC9cL2Zha2hyLm9zdHVkaW9zZWcuY29tXC93cC1jb250ZW50XC91cGxvYWRzXC8yMDI0XC8wOVwvQXNzZXQtMi0xMDAuanBnIiwic2xpZGVzaG93IjoiNTI5YWZkYiJ9\"><br>\n\t\t\t\t\t\t\t\t\t\t\t\t\t\t<\/a><br>\n\t\t\t\t\t\t\t<a href=\"https:\/\/www.fakhr-group.com\/wp-content\/uploads\/2024\/09\/Asset-3-100.jpg\" data-elementor-open-lightbox=\"yes\" data-elementor-lightbox-slideshow=\"529afdb\" data-elementor-lightbox-title=\"Asset 3-100\" data-e-action-hash=\"#elementor-action%3Aaction%3Dlightbox%26settings%3DeyJpZCI6MTU0MSwidXJsIjoiaHR0cHM6XC9cL2Zha2hyLm9zdHVkaW9zZWcuY29tXC93cC1jb250ZW50XC91cGxvYWRzXC8yMDI0XC8wOVwvQXNzZXQtMy0xMDAuanBnIiwic2xpZGVzaG93IjoiNTI5YWZkYiJ9\"><br>\n\t\t\t\t\t\t\t\t\t\t\t\t\t\t<\/a><br>\n\t\t\t\t\t\t\t<a href=\"https:\/\/www.fakhr-group.com\/wp-content\/uploads\/2024\/09\/Asset-4-100.jpg\" data-elementor-open-lightbox=\"yes\" data-elementor-lightbox-slideshow=\"529afdb\" data-elementor-lightbox-title=\"Asset 4-100\" data-e-action-hash=\"#elementor-action%3Aaction%3Dlightbox%26settings%3DeyJpZCI6MTU0MiwidXJsIjoiaHR0cHM6XC9cL2Zha2hyLm9zdHVkaW9zZWcuY29tXC93cC1jb250ZW50XC91cGxvYWRzXC8yMDI0XC8wOVwvQXNzZXQtNC0xMDAuanBnIiwic2xpZGVzaG93IjoiNTI5YWZkYiJ9\"><br>\n\t\t\t\t\t\t\t\t\t\t\t\t\t\t<\/a><\/p>\n<\/body>","protected":false},"excerpt":{"rendered":"<p>\u00d8\u00a7\u00d9\u2020\u00d8\u00af\u00d9\u201e\u00d8\u00b3\u00d9\u0160\u00d8\u00a9 \u00d8\u00a7\u00d9\u201e\u00d8\u00ad\u00d9\u2026\u00d8\u00a7\u00d8\u00af \u00d8\u00aa\u00d8\u00aa\u00d9\u2026\u00d9\u0160\u00d8\u00b2 \u00d8\u00a7\u00d9\u2020\u00d8\u00af\u00d9\u201e\u00d8\u00b3\u00d9\u0160\u00d8\u00a9 \u00d8\u00a7\u00d9\u201e\u00d8\u00ad\u00d9\u2026\u00d8\u00a7\u00d8\u00af \u00d8\u00a8\u00d8\u00a7\u00d9\u201e\u00d8\u00b7\u00d8\u00b1\u00d8\u00a7\u00d8\u00b2 \u00d8\u00a7\u00d9\u201e\u00d8\u00a7\u00d9\u2020\u00d8\u00af\u00d9\u201e\u00d8\u00b3\u00d9\u0160 \u00d8\u00a7\u00d9\u201e\u00d8\u00b1\u00d8\u00a7\u00d8\u00a6\u00d8\u00b9 \u00d9\u02c6 \u00d8\u00a7\u00d9\u201e\u00d9\u2026\u00d9\u2026\u00d9\u0160\u00d8\u00b2 \u00d8\u00a7\u00d9\u201e\u00d8\u00b0\u00d9\u0160 \u00d9\u0160\u00d8\u00b4\u00d8\u00b1\u00d8\u00ad \u00d8\u00b9\u00d8\u00a8\u00d9\u201a \u00d9\u02c6 \u00d8\u00a3\u00d9\u2020\u00d8\u00a7\u00d9\u201a\u00d8\u00a9 \u00d8\u00a7\u00d9\u201e\u00d8\u00ad\u00d8\u00b6\u00d8\u00a7\u00d8\u00b1\u00d8\u00a9 \u00d8\u00a7\u00d9\u201e\u00d8\u00b9\u00d8\u00b1\u00d8\u00a8\u00d9\u0160\u00d8\u00a9 \u00d9\u02c6\u00d9\u2026\u00d9\u02c6\u00d9\u201a\u00d8\u00b9\u00d9\u2021 \u00d8\u00a7\u00d9\u201e\u00d8\u00a7\u00d8\u00b3\u00d8\u00aa\u00d8\u00b1\u00d8\u00a7\u00d8\u00aa\u00d9\u0160\u00d8\u00ac\u00d9\u0160 \u00d8\u00b9\u00d9\u201e\u00d9\u2030 \u00d8\u00b7\u00d8\u00b1\u00d9\u0160\u00d9\u201a \u00d8\u00a7\u00d9\u201e\u00d9\u2026\u00d9\u201e\u00d9\u0192 \u00d8\u00b9\u00d8\u00a8\u00d8\u00af \u00d8\u00a7\u00d9\u201e\u00d9\u201e\u00d9\u2021 \u00d8\u00a7\u00d9\u201e\u00d8\u00b0\u00d9\u0160 \u00d9\u0160\u00d8\u00b9\u00d8\u00aa\u00d8\u00a8\u00d8\u00b1 \u00d9\u2026\u00d9\u2020 \u00d8\u00a3\u00d8\u00ac\u00d9\u2026\u00d9\u201e \u00d9\u02c6\u00d8\u00a3\u00d8\u00ad\u00d8\u00af\u00d8\u00ab \u00d8\u00a7\u00d9\u201e\u00d8\u00b7\u00d8\u00b1\u00d9\u201a \u00d8\u00a7\u00d9\u201e\u00d8\u00aa\u00d9\u2020\u00d9\u2026\u00d9\u02c6\u00d9\u0160\u00d8\u00a9 \u00d9\u201e\u00d9\u0192\u00d9\u02c6\u00d9\u2020\u00d9\u2021 \u00d9\u0160\u00d8\u00b1\u00d8\u00a8\u00d8\u00b7 \u00d8\u00a8\u00d9\u0160\u00d9\u2020 \u00d9\u02c6\u00d8\u00b3\u00d8\u00b7 \u00d8\u00a7\u00d9\u201e\u00d9\u2026\u00d8\u00af\u00d9\u0160\u00d9\u2020\u00d8\u00a9 \u00d8\u00ad\u00d8\u00aa\u00d9\u2030 \u00d8\u00b7\u00d8\u00b1\u00d9\u0160\u00d9\u201a \u00d8\u00a7\u00d9\u201e\u00d8\u00b1\u00d9\u0160\u00d8\u00a7\u00d8\u00b6 . \u00d9\u02c6\u00d9\u0160\u00d9\u201a\u00d8\u00b9 \u00d8\u00a7\u00d9\u201e\u00d9\u2026\u00d8\u00b4\u00d8\u00b1\u00d9\u02c6\u00d8\u00b9 \u00d9\u0081\u00d9\u0160 \u00d8\u00ad\u00d9\u0160 \u00d8\u00a7\u00d9\u201e\u00d8\u00b3\u00d9\u201e\u00d9\u0160\u00d9\u2026\u00d8\u00a7\u00d9\u2020\u00d9\u0160\u00d8\u00a9 \u00d8\u00a7\u00d9\u201e\u00d8\u00ac\u00d9\u2020\u00d9\u02c6\u00d8\u00a8\u00d9\u0160\u00d8\u00a9 \u00d8\u00ad\u00d9\u0160\u00d8\u00ab \u00d8\u00aa\u00d8\u00b9\u00d8\u00aa\u00d8\u00a8\u00d8\u00b1 \u00d8\u00a7\u00d8\u00ad\u00d8\u00af \u00d8\u00a7\u00d8\u00ad\u00d9\u0160\u00d8\u00a7\u00d8\u00a1 \u00d8\u00a7\u00d9\u201e\u00d8\u00a7\u00d8\u00ad\u00d8\u00b3\u00d8\u00a7\u00d8\u00a1 \u00d8\u00a7\u00d9\u201e\u00d8\u00b1\u00d8\u00a7\u00d9\u201a\u00d9\u0160\u00d8\u00a9 \u00d9\u02c6\u00d9\u0160\u00d8\u00ad\u00d9\u0160\u00d8\u00b7 \u00d8\u00a8\u00d9\u2021\u00d8\u00a7 \u00d9\u2026\u00d9\u2020 [&hellip;]<\/p>\n","protected":false},"author":1,"featured_media":0,"parent":0,"menu_order":0,"comment_status":"closed","ping_status":"closed","template":"","meta":{"om_disable_all_campaigns":false,"footnotes":""},"class_list":["post-1533","page","type-page","status-publish","hentry"],"blocksy_meta":{"has_hero_section":"disabled","styles_descriptor":{"styles":{"desktop":"","tablet":"","mobile":""},"google_fonts":[],"version":6}},"yoast_head":"<!-- This site is optimized with the Yoast SEO plugin v27.4 - https:\/\/yoast.com\/product\/yoast-seo-wordpress\/ -->\n<title>\u0627\u0646\u062f\u0644\u0633\u064a\u0629-\u0627\u0644\u062d\u0645\u0627\u062f - Fakhr<\/title>\n<meta name=\"robots\" content=\"index, follow, max-snippet:-1, max-image-preview:large, max-video-preview:-1\" \/>\n<link rel=\"canonical\" href=\"https:\/\/www.fakhr-group.com\/en\/\u0627\u0646\u062f\u0644\u0633\u064a\u0629-\u0627\u0644\u062d\u0645\u0627\u062f\/\" \/>\n<meta property=\"og:locale\" content=\"en_US\" \/>\n<meta property=\"og:type\" content=\"article\" \/>\n<meta property=\"og:title\" content=\"\u0627\u0646\u062f\u0644\u0633\u064a\u0629-\u0627\u0644\u062d\u0645\u0627\u062f - Fakhr\" \/>\n<meta property=\"og:description\" content=\"\u00d8\u00a7\u00d9\u2020\u00d8\u00af\u00d9\u201e\u00d8\u00b3\u00d9\u0160\u00d8\u00a9 \u00d8\u00a7\u00d9\u201e\u00d8\u00ad\u00d9\u2026\u00d8\u00a7\u00d8\u00af \u00d8\u00aa\u00d8\u00aa\u00d9\u2026\u00d9\u0160\u00d8\u00b2 \u00d8\u00a7\u00d9\u2020\u00d8\u00af\u00d9\u201e\u00d8\u00b3\u00d9\u0160\u00d8\u00a9 \u00d8\u00a7\u00d9\u201e\u00d8\u00ad\u00d9\u2026\u00d8\u00a7\u00d8\u00af \u00d8\u00a8\u00d8\u00a7\u00d9\u201e\u00d8\u00b7\u00d8\u00b1\u00d8\u00a7\u00d8\u00b2 \u00d8\u00a7\u00d9\u201e\u00d8\u00a7\u00d9\u2020\u00d8\u00af\u00d9\u201e\u00d8\u00b3\u00d9\u0160 \u00d8\u00a7\u00d9\u201e\u00d8\u00b1\u00d8\u00a7\u00d8\u00a6\u00d8\u00b9 \u00d9\u02c6 \u00d8\u00a7\u00d9\u201e\u00d9\u2026\u00d9\u2026\u00d9\u0160\u00d8\u00b2 \u00d8\u00a7\u00d9\u201e\u00d8\u00b0\u00d9\u0160 \u00d9\u0160\u00d8\u00b4\u00d8\u00b1\u00d8\u00ad \u00d8\u00b9\u00d8\u00a8\u00d9\u201a \u00d9\u02c6 \u00d8\u00a3\u00d9\u2020\u00d8\u00a7\u00d9\u201a\u00d8\u00a9 \u00d8\u00a7\u00d9\u201e\u00d8\u00ad\u00d8\u00b6\u00d8\u00a7\u00d8\u00b1\u00d8\u00a9 \u00d8\u00a7\u00d9\u201e\u00d8\u00b9\u00d8\u00b1\u00d8\u00a8\u00d9\u0160\u00d8\u00a9 \u00d9\u02c6\u00d9\u2026\u00d9\u02c6\u00d9\u201a\u00d8\u00b9\u00d9\u2021 \u00d8\u00a7\u00d9\u201e\u00d8\u00a7\u00d8\u00b3\u00d8\u00aa\u00d8\u00b1\u00d8\u00a7\u00d8\u00aa\u00d9\u0160\u00d8\u00ac\u00d9\u0160 \u00d8\u00b9\u00d9\u201e\u00d9\u2030 \u00d8\u00b7\u00d8\u00b1\u00d9\u0160\u00d9\u201a \u00d8\u00a7\u00d9\u201e\u00d9\u2026\u00d9\u201e\u00d9\u0192 \u00d8\u00b9\u00d8\u00a8\u00d8\u00af \u00d8\u00a7\u00d9\u201e\u00d9\u201e\u00d9\u2021 \u00d8\u00a7\u00d9\u201e\u00d8\u00b0\u00d9\u0160 \u00d9\u0160\u00d8\u00b9\u00d8\u00aa\u00d8\u00a8\u00d8\u00b1 \u00d9\u2026\u00d9\u2020 \u00d8\u00a3\u00d8\u00ac\u00d9\u2026\u00d9\u201e \u00d9\u02c6\u00d8\u00a3\u00d8\u00ad\u00d8\u00af\u00d8\u00ab \u00d8\u00a7\u00d9\u201e\u00d8\u00b7\u00d8\u00b1\u00d9\u201a \u00d8\u00a7\u00d9\u201e\u00d8\u00aa\u00d9\u2020\u00d9\u2026\u00d9\u02c6\u00d9\u0160\u00d8\u00a9 \u00d9\u201e\u00d9\u0192\u00d9\u02c6\u00d9\u2020\u00d9\u2021 \u00d9\u0160\u00d8\u00b1\u00d8\u00a8\u00d8\u00b7 \u00d8\u00a8\u00d9\u0160\u00d9\u2020 \u00d9\u02c6\u00d8\u00b3\u00d8\u00b7 \u00d8\u00a7\u00d9\u201e\u00d9\u2026\u00d8\u00af\u00d9\u0160\u00d9\u2020\u00d8\u00a9 \u00d8\u00ad\u00d8\u00aa\u00d9\u2030 \u00d8\u00b7\u00d8\u00b1\u00d9\u0160\u00d9\u201a \u00d8\u00a7\u00d9\u201e\u00d8\u00b1\u00d9\u0160\u00d8\u00a7\u00d8\u00b6 . \u00d9\u02c6\u00d9\u0160\u00d9\u201a\u00d8\u00b9 \u00d8\u00a7\u00d9\u201e\u00d9\u2026\u00d8\u00b4\u00d8\u00b1\u00d9\u02c6\u00d8\u00b9 \u00d9\u0081\u00d9\u0160 \u00d8\u00ad\u00d9\u0160 \u00d8\u00a7\u00d9\u201e\u00d8\u00b3\u00d9\u201e\u00d9\u0160\u00d9\u2026\u00d8\u00a7\u00d9\u2020\u00d9\u0160\u00d8\u00a9 \u00d8\u00a7\u00d9\u201e\u00d8\u00ac\u00d9\u2020\u00d9\u02c6\u00d8\u00a8\u00d9\u0160\u00d8\u00a9 \u00d8\u00ad\u00d9\u0160\u00d8\u00ab \u00d8\u00aa\u00d8\u00b9\u00d8\u00aa\u00d8\u00a8\u00d8\u00b1 \u00d8\u00a7\u00d8\u00ad\u00d8\u00af \u00d8\u00a7\u00d8\u00ad\u00d9\u0160\u00d8\u00a7\u00d8\u00a1 \u00d8\u00a7\u00d9\u201e\u00d8\u00a7\u00d8\u00ad\u00d8\u00b3\u00d8\u00a7\u00d8\u00a1 \u00d8\u00a7\u00d9\u201e\u00d8\u00b1\u00d8\u00a7\u00d9\u201a\u00d9\u0160\u00d8\u00a9 \u00d9\u02c6\u00d9\u0160\u00d8\u00ad\u00d9\u0160\u00d8\u00b7 \u00d8\u00a8\u00d9\u2021\u00d8\u00a7 \u00d9\u2026\u00d9\u2020 [&hellip;]\" \/>\n<meta property=\"og:url\" content=\"https:\/\/www.fakhr-group.com\/en\/\u0627\u0646\u062f\u0644\u0633\u064a\u0629-\u0627\u0644\u062d\u0645\u0627\u062f\/\" \/>\n<meta property=\"og:site_name\" content=\"Fakhr\" \/>\n<meta property=\"article:modified_time\" content=\"2025-12-20T07:54:49+00:00\" \/>\n<meta name=\"twitter:card\" content=\"summary_large_image\" \/>\n<meta name=\"twitter:label1\" content=\"Est. reading time\" \/>\n\t<meta name=\"twitter:data1\" content=\"1 minute\" \/>\n<script type=\"application\/ld+json\" class=\"yoast-schema-graph\">{\"@context\":\"https:\\\/\\\/schema.org\",\"@graph\":[{\"@type\":\"WebPage\",\"@id\":\"https:\\\/\\\/www.fakhr-group.com\\\/%d8%a7%d9%86%d8%af%d9%84%d8%b3%d9%8a%d8%a9-%d8%a7%d9%84%d8%ad%d9%85%d8%a7%d8%af\\\/\",\"url\":\"https:\\\/\\\/www.fakhr-group.com\\\/%d8%a7%d9%86%d8%af%d9%84%d8%b3%d9%8a%d8%a9-%d8%a7%d9%84%d8%ad%d9%85%d8%a7%d8%af\\\/\",\"name\":\"\u0627\u0646\u062f\u0644\u0633\u064a\u0629-\u0627\u0644\u062d\u0645\u0627\u062f - Fakhr\",\"isPartOf\":{\"@id\":\"https:\\\/\\\/www.fakhr-group.com\\\/#website\"},\"datePublished\":\"2024-09-30T08:17:16+00:00\",\"dateModified\":\"2025-12-20T07:54:49+00:00\",\"breadcrumb\":{\"@id\":\"https:\\\/\\\/www.fakhr-group.com\\\/%d8%a7%d9%86%d8%af%d9%84%d8%b3%d9%8a%d8%a9-%d8%a7%d9%84%d8%ad%d9%85%d8%a7%d8%af\\\/#breadcrumb\"},\"inLanguage\":\"en-US\",\"potentialAction\":[{\"@type\":\"ReadAction\",\"target\":[\"https:\\\/\\\/www.fakhr-group.com\\\/%d8%a7%d9%86%d8%af%d9%84%d8%b3%d9%8a%d8%a9-%d8%a7%d9%84%d8%ad%d9%85%d8%a7%d8%af\\\/\"]}]},{\"@type\":\"BreadcrumbList\",\"@id\":\"https:\\\/\\\/www.fakhr-group.com\\\/%d8%a7%d9%86%d8%af%d9%84%d8%b3%d9%8a%d8%a9-%d8%a7%d9%84%d8%ad%d9%85%d8%a7%d8%af\\\/#breadcrumb\",\"itemListElement\":[{\"@type\":\"ListItem\",\"position\":1,\"name\":\"\u0627\u0644\u0631\u0626\u064a\u0633\u064a\u0629\",\"item\":\"https:\\\/\\\/www.fakhr-group.com\\\/\"},{\"@type\":\"ListItem\",\"position\":2,\"name\":\"\u0627\u0646\u062f\u0644\u0633\u064a\u0629-\u0627\u0644\u062d\u0645\u0627\u062f\"}]},{\"@type\":\"WebSite\",\"@id\":\"https:\\\/\\\/www.fakhr-group.com\\\/#website\",\"url\":\"https:\\\/\\\/www.fakhr-group.com\\\/\",\"name\":\"Fakhr\",\"description\":\"Investment Holding Co.\",\"publisher\":{\"@id\":\"https:\\\/\\\/www.fakhr-group.com\\\/#organization\"},\"potentialAction\":[{\"@type\":\"SearchAction\",\"target\":{\"@type\":\"EntryPoint\",\"urlTemplate\":\"https:\\\/\\\/www.fakhr-group.com\\\/?s={search_term_string}\"},\"query-input\":{\"@type\":\"PropertyValueSpecification\",\"valueRequired\":true,\"valueName\":\"search_term_string\"}}],\"inLanguage\":\"en-US\"},{\"@type\":\"Organization\",\"@id\":\"https:\\\/\\\/www.fakhr-group.com\\\/#organization\",\"name\":\"Fakhr\",\"url\":\"https:\\\/\\\/www.fakhr-group.com\\\/\",\"logo\":{\"@type\":\"ImageObject\",\"inLanguage\":\"en-US\",\"@id\":\"https:\\\/\\\/www.fakhr-group.com\\\/#\\\/schema\\\/logo\\\/image\\\/\",\"url\":\"https:\\\/\\\/i0.wp.com\\\/www.fakhr-group.com\\\/wp-content\\\/uploads\\\/2024\\\/05\\\/logo.png?fit=119%2C139&ssl=1\",\"contentUrl\":\"https:\\\/\\\/i0.wp.com\\\/www.fakhr-group.com\\\/wp-content\\\/uploads\\\/2024\\\/05\\\/logo.png?fit=119%2C139&ssl=1\",\"width\":119,\"height\":139,\"caption\":\"Fakhr\"},\"image\":{\"@id\":\"https:\\\/\\\/www.fakhr-group.com\\\/#\\\/schema\\\/logo\\\/image\\\/\"}}]}<\/script>\n<!-- \/ Yoast SEO plugin. -->","yoast_head_json":{"title":"\u0627\u0646\u062f\u0644\u0633\u064a\u0629-\u0627\u0644\u062d\u0645\u0627\u062f - Fakhr","robots":{"index":"index","follow":"follow","max-snippet":"max-snippet:-1","max-image-preview":"max-image-preview:large","max-video-preview":"max-video-preview:-1"},"canonical":"https:\/\/www.fakhr-group.com\/en\/\u0627\u0646\u062f\u0644\u0633\u064a\u0629-\u0627\u0644\u062d\u0645\u0627\u062f\/","og_locale":"en_US","og_type":"article","og_title":"\u0627\u0646\u062f\u0644\u0633\u064a\u0629-\u0627\u0644\u062d\u0645\u0627\u062f - Fakhr","og_description":"\u00d8\u00a7\u00d9\u2020\u00d8\u00af\u00d9\u201e\u00d8\u00b3\u00d9\u0160\u00d8\u00a9 \u00d8\u00a7\u00d9\u201e\u00d8\u00ad\u00d9\u2026\u00d8\u00a7\u00d8\u00af \u00d8\u00aa\u00d8\u00aa\u00d9\u2026\u00d9\u0160\u00d8\u00b2 \u00d8\u00a7\u00d9\u2020\u00d8\u00af\u00d9\u201e\u00d8\u00b3\u00d9\u0160\u00d8\u00a9 \u00d8\u00a7\u00d9\u201e\u00d8\u00ad\u00d9\u2026\u00d8\u00a7\u00d8\u00af \u00d8\u00a8\u00d8\u00a7\u00d9\u201e\u00d8\u00b7\u00d8\u00b1\u00d8\u00a7\u00d8\u00b2 \u00d8\u00a7\u00d9\u201e\u00d8\u00a7\u00d9\u2020\u00d8\u00af\u00d9\u201e\u00d8\u00b3\u00d9\u0160 \u00d8\u00a7\u00d9\u201e\u00d8\u00b1\u00d8\u00a7\u00d8\u00a6\u00d8\u00b9 \u00d9\u02c6 \u00d8\u00a7\u00d9\u201e\u00d9\u2026\u00d9\u2026\u00d9\u0160\u00d8\u00b2 \u00d8\u00a7\u00d9\u201e\u00d8\u00b0\u00d9\u0160 \u00d9\u0160\u00d8\u00b4\u00d8\u00b1\u00d8\u00ad \u00d8\u00b9\u00d8\u00a8\u00d9\u201a \u00d9\u02c6 \u00d8\u00a3\u00d9\u2020\u00d8\u00a7\u00d9\u201a\u00d8\u00a9 \u00d8\u00a7\u00d9\u201e\u00d8\u00ad\u00d8\u00b6\u00d8\u00a7\u00d8\u00b1\u00d8\u00a9 \u00d8\u00a7\u00d9\u201e\u00d8\u00b9\u00d8\u00b1\u00d8\u00a8\u00d9\u0160\u00d8\u00a9 \u00d9\u02c6\u00d9\u2026\u00d9\u02c6\u00d9\u201a\u00d8\u00b9\u00d9\u2021 \u00d8\u00a7\u00d9\u201e\u00d8\u00a7\u00d8\u00b3\u00d8\u00aa\u00d8\u00b1\u00d8\u00a7\u00d8\u00aa\u00d9\u0160\u00d8\u00ac\u00d9\u0160 \u00d8\u00b9\u00d9\u201e\u00d9\u2030 \u00d8\u00b7\u00d8\u00b1\u00d9\u0160\u00d9\u201a \u00d8\u00a7\u00d9\u201e\u00d9\u2026\u00d9\u201e\u00d9\u0192 \u00d8\u00b9\u00d8\u00a8\u00d8\u00af \u00d8\u00a7\u00d9\u201e\u00d9\u201e\u00d9\u2021 \u00d8\u00a7\u00d9\u201e\u00d8\u00b0\u00d9\u0160 \u00d9\u0160\u00d8\u00b9\u00d8\u00aa\u00d8\u00a8\u00d8\u00b1 \u00d9\u2026\u00d9\u2020 \u00d8\u00a3\u00d8\u00ac\u00d9\u2026\u00d9\u201e \u00d9\u02c6\u00d8\u00a3\u00d8\u00ad\u00d8\u00af\u00d8\u00ab \u00d8\u00a7\u00d9\u201e\u00d8\u00b7\u00d8\u00b1\u00d9\u201a \u00d8\u00a7\u00d9\u201e\u00d8\u00aa\u00d9\u2020\u00d9\u2026\u00d9\u02c6\u00d9\u0160\u00d8\u00a9 \u00d9\u201e\u00d9\u0192\u00d9\u02c6\u00d9\u2020\u00d9\u2021 \u00d9\u0160\u00d8\u00b1\u00d8\u00a8\u00d8\u00b7 \u00d8\u00a8\u00d9\u0160\u00d9\u2020 \u00d9\u02c6\u00d8\u00b3\u00d8\u00b7 \u00d8\u00a7\u00d9\u201e\u00d9\u2026\u00d8\u00af\u00d9\u0160\u00d9\u2020\u00d8\u00a9 \u00d8\u00ad\u00d8\u00aa\u00d9\u2030 \u00d8\u00b7\u00d8\u00b1\u00d9\u0160\u00d9\u201a \u00d8\u00a7\u00d9\u201e\u00d8\u00b1\u00d9\u0160\u00d8\u00a7\u00d8\u00b6 . \u00d9\u02c6\u00d9\u0160\u00d9\u201a\u00d8\u00b9 \u00d8\u00a7\u00d9\u201e\u00d9\u2026\u00d8\u00b4\u00d8\u00b1\u00d9\u02c6\u00d8\u00b9 \u00d9\u0081\u00d9\u0160 \u00d8\u00ad\u00d9\u0160 \u00d8\u00a7\u00d9\u201e\u00d8\u00b3\u00d9\u201e\u00d9\u0160\u00d9\u2026\u00d8\u00a7\u00d9\u2020\u00d9\u0160\u00d8\u00a9 \u00d8\u00a7\u00d9\u201e\u00d8\u00ac\u00d9\u2020\u00d9\u02c6\u00d8\u00a8\u00d9\u0160\u00d8\u00a9 \u00d8\u00ad\u00d9\u0160\u00d8\u00ab \u00d8\u00aa\u00d8\u00b9\u00d8\u00aa\u00d8\u00a8\u00d8\u00b1 \u00d8\u00a7\u00d8\u00ad\u00d8\u00af \u00d8\u00a7\u00d8\u00ad\u00d9\u0160\u00d8\u00a7\u00d8\u00a1 \u00d8\u00a7\u00d9\u201e\u00d8\u00a7\u00d8\u00ad\u00d8\u00b3\u00d8\u00a7\u00d8\u00a1 \u00d8\u00a7\u00d9\u201e\u00d8\u00b1\u00d8\u00a7\u00d9\u201a\u00d9\u0160\u00d8\u00a9 \u00d9\u02c6\u00d9\u0160\u00d8\u00ad\u00d9\u0160\u00d8\u00b7 \u00d8\u00a8\u00d9\u2021\u00d8\u00a7 \u00d9\u2026\u00d9\u2020 [&hellip;]","og_url":"https:\/\/www.fakhr-group.com\/en\/\u0627\u0646\u062f\u0644\u0633\u064a\u0629-\u0627\u0644\u062d\u0645\u0627\u062f\/","og_site_name":"Fakhr","article_modified_time":"2025-12-20T07:54:49+00:00","twitter_card":"summary_large_image","twitter_misc":{"Est. reading time":"1 minute"},"schema":{"@context":"https:\/\/schema.org","@graph":[{"@type":"WebPage","@id":"https:\/\/www.fakhr-group.com\/%d8%a7%d9%86%d8%af%d9%84%d8%b3%d9%8a%d8%a9-%d8%a7%d9%84%d8%ad%d9%85%d8%a7%d8%af\/","url":"https:\/\/www.fakhr-group.com\/%d8%a7%d9%86%d8%af%d9%84%d8%b3%d9%8a%d8%a9-%d8%a7%d9%84%d8%ad%d9%85%d8%a7%d8%af\/","name":"\u0627\u0646\u062f\u0644\u0633\u064a\u0629-\u0627\u0644\u062d\u0645\u0627\u062f - Fakhr","isPartOf":{"@id":"https:\/\/www.fakhr-group.com\/#website"},"datePublished":"2024-09-30T08:17:16+00:00","dateModified":"2025-12-20T07:54:49+00:00","breadcrumb":{"@id":"https:\/\/www.fakhr-group.com\/%d8%a7%d9%86%d8%af%d9%84%d8%b3%d9%8a%d8%a9-%d8%a7%d9%84%d8%ad%d9%85%d8%a7%d8%af\/#breadcrumb"},"inLanguage":"en-US","potentialAction":[{"@type":"ReadAction","target":["https:\/\/www.fakhr-group.com\/%d8%a7%d9%86%d8%af%d9%84%d8%b3%d9%8a%d8%a9-%d8%a7%d9%84%d8%ad%d9%85%d8%a7%d8%af\/"]}]},{"@type":"BreadcrumbList","@id":"https:\/\/www.fakhr-group.com\/%d8%a7%d9%86%d8%af%d9%84%d8%b3%d9%8a%d8%a9-%d8%a7%d9%84%d8%ad%d9%85%d8%a7%d8%af\/#breadcrumb","itemListElement":[{"@type":"ListItem","position":1,"name":"\u0627\u0644\u0631\u0626\u064a\u0633\u064a\u0629","item":"https:\/\/www.fakhr-group.com\/"},{"@type":"ListItem","position":2,"name":"\u0627\u0646\u062f\u0644\u0633\u064a\u0629-\u0627\u0644\u062d\u0645\u0627\u062f"}]},{"@type":"WebSite","@id":"https:\/\/www.fakhr-group.com\/#website","url":"https:\/\/www.fakhr-group.com\/","name":"Fakhr","description":"Investment Holding Co.","publisher":{"@id":"https:\/\/www.fakhr-group.com\/#organization"},"potentialAction":[{"@type":"SearchAction","target":{"@type":"EntryPoint","urlTemplate":"https:\/\/www.fakhr-group.com\/?s={search_term_string}"},"query-input":{"@type":"PropertyValueSpecification","valueRequired":true,"valueName":"search_term_string"}}],"inLanguage":"en-US"},{"@type":"Organization","@id":"https:\/\/www.fakhr-group.com\/#organization","name":"Fakhr","url":"https:\/\/www.fakhr-group.com\/","logo":{"@type":"ImageObject","inLanguage":"en-US","@id":"https:\/\/www.fakhr-group.com\/#\/schema\/logo\/image\/","url":"https:\/\/i0.wp.com\/www.fakhr-group.com\/wp-content\/uploads\/2024\/05\/logo.png?fit=119%2C139&ssl=1","contentUrl":"https:\/\/i0.wp.com\/www.fakhr-group.com\/wp-content\/uploads\/2024\/05\/logo.png?fit=119%2C139&ssl=1","width":119,"height":139,"caption":"Fakhr"},"image":{"@id":"https:\/\/www.fakhr-group.com\/#\/schema\/logo\/image\/"}}]}},"jetpack_sharing_enabled":true,"_links":{"self":[{"href":"https:\/\/www.fakhr-group.com\/en\/wp-json\/wp\/v2\/pages\/1533","targetHints":{"allow":["GET"]}}],"collection":[{"href":"https:\/\/www.fakhr-group.com\/en\/wp-json\/wp\/v2\/pages"}],"about":[{"href":"https:\/\/www.fakhr-group.com\/en\/wp-json\/wp\/v2\/types\/page"}],"author":[{"embeddable":true,"href":"https:\/\/www.fakhr-group.com\/en\/wp-json\/wp\/v2\/users\/1"}],"replies":[{"embeddable":true,"href":"https:\/\/www.fakhr-group.com\/en\/wp-json\/wp\/v2\/comments?post=1533"}],"version-history":[{"count":5,"href":"https:\/\/www.fakhr-group.com\/en\/wp-json\/wp\/v2\/pages\/1533\/revisions"}],"predecessor-version":[{"id":1699,"href":"https:\/\/www.fakhr-group.com\/en\/wp-json\/wp\/v2\/pages\/1533\/revisions\/1699"}],"wp:attachment":[{"href":"https:\/\/www.fakhr-group.com\/en\/wp-json\/wp\/v2\/media?parent=1533"}],"curies":[{"name":"wp","href":"https:\/\/api.w.org\/{rel}","templated":true}]}}